{"id":1132,"date":"2020-01-21T13:17:40","date_gmt":"2020-01-21T12:17:40","guid":{"rendered":"http:\/\/roliach.cluster029.hosting.ovh.net\/?page_id=1132"},"modified":"2026-03-11T13:26:31","modified_gmt":"2026-03-11T12:26:31","slug":"lactu","status":"publish","type":"page","link":"https:\/\/roliacus-banda.ovh\/index.php\/lactu\/","title":{"rendered":"LES ACTUALIT\u00c9S"},"content":{"rendered":"\n<figure class=\"wp-block-gallery has-nested-images columns-default is-cropped wp-block-gallery-1 is-layout-flex wp-block-gallery-is-layout-flex\">\n<figure class=\"wp-block-image size-large\"><img loading=\"lazy\" decoding=\"async\" width=\"644\" height=\"1024\" data-id=\"2196\" src=\"https:\/\/roliacus-banda.ovh\/wp-content\/uploads\/2026\/03\/1000007174-644x1024.jpg\" alt=\"\" class=\"wp-image-2196\" srcset=\"https:\/\/roliacus-banda.ovh\/wp-content\/uploads\/2026\/03\/1000007174-644x1024.jpg 644w, https:\/\/roliacus-banda.ovh\/wp-content\/uploads\/2026\/03\/1000007174-189x300.jpg 189w, https:\/\/roliacus-banda.ovh\/wp-content\/uploads\/2026\/03\/1000007174-768x1221.jpg 768w, https:\/\/roliacus-banda.ovh\/wp-content\/uploads\/2026\/03\/1000007174-966x1536.jpg 966w, https:\/\/roliacus-banda.ovh\/wp-content\/uploads\/2026\/03\/1000007174.jpg 1220w\" sizes=\"auto, (max-width: 644px) 100vw, 644px\" \/><\/figure>\n<\/figure>\n\n\n\n<p>Bientot de nouvelles informations vont arriver sur cette page, les sorties ou nous retrouver ainsi que les prochains \u00e9v\u00e9nements \u00e0 venir.<\/p>\n\n\n\n<p class=\"has-text-align-center\">&#8212;&#8212;-<\/p>\n\n\n\n<p class=\"has-text-align-center\"><strong>Informations pour les<\/strong> <strong>inscriptions \u00e0 l&rsquo;\u00e9cole de musique de la SEP Jeanne d&rsquo;Arc pour l&rsquo;ann\u00e9e 2024 &#8211; 2025 :<\/strong><\/p>\n\n\n\n<p class=\"has-text-align-center\">\u00c9galement + D&rsquo;informations sur la page : \u00e9cole de banda ,<a href=\"https:\/\/roliacus-banda.ovh\/index.php\/ecole-de-banda\/\"> ici<\/a>.<\/p>\n\n\n\n<figure class=\"wp-block-image size-full\"><img loading=\"lazy\" decoding=\"async\" width=\"668\" height=\"946\" src=\"https:\/\/roliacus-banda.ovh\/wp-content\/uploads\/2024\/08\/IMG-20240829-WA0001.jpg\" alt=\"\" class=\"wp-image-2093\" srcset=\"https:\/\/roliacus-banda.ovh\/wp-content\/uploads\/2024\/08\/IMG-20240829-WA0001.jpg 668w, https:\/\/roliacus-banda.ovh\/wp-content\/uploads\/2024\/08\/IMG-20240829-WA0001-212x300.jpg 212w\" sizes=\"auto, (max-width: 668px) 100vw, 668px\" \/><\/figure>\n\n\n\n<p><\/p>\n\n\n\n<p><\/p>\n\n\n\n<p>Un peu plus t\u00f4t, au cours de l&rsquo;ann\u00e9e 2024:<\/p>\n\n\n\n<p><\/p>\n\n\n\n<p class=\"has-text-align-center has-vivid-red-color has-text-color has-link-color wp-elements-5a4982080c0b28f61853b94021d74d68\"><strong>La Roliacus Banda  en voyage \u00e0          BILBAO !!!!<\/strong><\/p>\n\n\n\n<p>Le 3 et 4 f\u00e9vrier 2024 , l&rsquo;association de la Jeanne d&rsquo;Arc propose aux musiciens et accompagnants un voyage \u00e0 BILBAO en Espagne.<\/p>\n\n\n\n<p>AZKENA BALITZ BEZALA (que ce soit le dernier)Est le nom du concert d&rsquo; Huntza que nous irons voir le samedi soir et la raison o\u00f9 le pr\u00e9texte du voyage. En effet ce groupe tr\u00e8s populaire au pays basque des 2 c\u00f4t\u00e9s d ailleurs et qui m\u00eale sons hardrock\/ska et folk- comme le font tr\u00e8s bien les basques- se s\u00e9pare et produit son dernier concert samedi. Donc c&rsquo;\u00e9tait samedi ou jamais ! Pour l occasion nous devrions \u00eatre 12000 environ&#8230;<\/p>\n\n\n\n<p><\/p>\n\n\n\n<p><\/p>\n\n\n\n<div class=\"wp-block-group is-nowrap is-layout-flex wp-container-core-group-is-layout-ad2f72ca wp-block-group-is-layout-flex\">\n<p><\/p>\n\n\n\n<p><\/p>\n\n\n\n<p><\/p>\n<\/div>\n\n\n\n<p>Vous pourrez retrouver la Roliacus Banda \u00e0 ces prochaines sorties: <\/p>\n\n\n\n<p>informations \u00e0 venir&#8230;<\/p>\n\n\n\n<figure class=\"wp-block-image size-full is-resized\"><img loading=\"lazy\" decoding=\"async\" width=\"684\" height=\"833\" src=\"https:\/\/roliacus-banda.ovh\/wp-content\/uploads\/2022\/04\/scanner_20220202_121424.jpg\" alt=\"\" class=\"wp-image-1641\" style=\"width:151px;height:183px\" srcset=\"https:\/\/roliacus-banda.ovh\/wp-content\/uploads\/2022\/04\/scanner_20220202_121424.jpg 684w, https:\/\/roliacus-banda.ovh\/wp-content\/uploads\/2022\/04\/scanner_20220202_121424-246x300.jpg 246w\" sizes=\"auto, (max-width: 684px) 100vw, 684px\" \/><\/figure>\n\n\n\n<p class=\"has-text-color has-large-font-size\" style=\"color:#00d10f\"><strong>\u00c9v\u00e8nements pass\u00e9s : <\/strong><\/p>\n\n\n\n<p><strong>Carnaval Rullicois le 31 mars 2024 \u2013&gt;<\/strong> <a href=\"https:\/\/carnaval-de-rouille.e-monsite.com\" target=\"_blank\" rel=\"noreferrer noopener\">https:\/\/carnaval-de-rouille.e-monsite.com<\/a><\/p>\n\n\n\n<p>( \u00e9galement un r\u00e9sum\u00e9 vid\u00e9o de TV OUEST, disponible ci-dessous, partie jour) :   <\/p>\n\n\n\n<figure class=\"wp-block-embed is-type-video is-provider-youtube wp-block-embed-youtube wp-embed-aspect-16-9 wp-has-aspect-ratio\"><div class=\"wp-block-embed__wrapper\">\n<iframe loading=\"lazy\" title=\"Cavalcade de Rouill\u00e9 2023 (jour)\" width=\"500\" height=\"281\" src=\"https:\/\/www.youtube.com\/embed\/wm1Ttzn-CjQ?feature=oembed\" frameborder=\"0\" allow=\"accelerometer; autoplay; clipboard-write; encrypted-media; gyroscope; picture-in-picture; web-share\" referrerpolicy=\"strict-origin-when-cross-origin\" allowfullscreen><\/iframe>\n<\/div><\/figure>\n\n\n\n<p><\/p>\n\n\n\n<p class=\"has-text-align-center\"><strong>&amp;&amp;&amp;&amp;&amp;&amp;&amp;&amp;&amp;&amp;&amp;&amp;&amp;&amp;&amp;<\/strong><\/p>\n\n\n\n<p><strong>Cavalcade de Chauray le Samedi 25 mars 2023<\/strong><\/p>\n\n\n\n<p>Photos de la sortie <a href=\"https:\/\/roliacus-banda.ovh\/index.php\/photos\/?sgdg-path-8257184e=1Z96Ln_KVmfnXr-oFZkRZEuYx7zQWlI7d\">ici<\/a><\/p>\n\n\n\n<p class=\"has-vivid-red-color has-text-color has-large-font-size\"><\/p>\n\n\n\n<p class=\"has-text-color has-large-font-size\" style=\"color:#989105\">\u00c9v\u00e9nements<strong> pass\u00e9s  : <\/strong><\/p>\n\n\n\n<p class=\"has-medium-font-size\">Spectacles organis\u00e9s par la SEP Jeanne D&rsquo;arc :  vous retrouverez sur sc\u00e8ne la  Roliacus banda, la danse, ainsi que des sketchs jou\u00e9s par les enfants et adolescents. Pour la seconde partie, une pi\u00e8ce de th\u00e9\u00e2tre jou\u00e9e par les adultes de la SEP Jeanne d&rsquo;arc vous sera pr\u00e9sent\u00e9e \u00e0 la salle des f\u00eates de Pamproux ( 79 )  le Samedi 4 mars, d\u00e9but \u00e0 20H30 pr\u00e9cises : <\/p>\n\n\n\n<figure class=\"wp-block-image size-large\"><img loading=\"lazy\" decoding=\"async\" width=\"724\" height=\"1024\" src=\"https:\/\/roliacus-banda.ovh\/wp-content\/uploads\/2023\/02\/affiche-2023-pamproux-3-pdf-724x1024.jpg\" alt=\"\" class=\"wp-image-1819\"\/><\/figure>\n\n\n\n<p class=\"has-medium-font-size\">\u00c9galement \u00e0 la salle des f\u00eates de Rouill\u00e9 le 12 Mars 2023 \u00e0 15H :<\/p>\n\n\n\n<figure class=\"wp-block-image size-large is-resized\"><img loading=\"lazy\" decoding=\"async\" width=\"724\" height=\"1024\" src=\"https:\/\/roliacus-banda.ovh\/wp-content\/uploads\/2023\/02\/afficherouille2023-pdf-724x1024.jpg\" alt=\"\" class=\"wp-image-1822\" style=\"width:397px;height:561px\"\/><\/figure>\n\n\n\n<p><\/p>\n\n\n\n<p class=\"has-medium-font-size\"><strong>R\u00e9sum\u00e9 de la Soir\u00e9e Tapas du 21\/01\/2023 organis\u00e9e par la SEP Jeanne d&rsquo;Arc : <\/strong><\/p>\n\n\n\n<figure class=\"wp-block-gallery has-nested-images columns-default is-cropped wp-block-gallery-2 is-layout-flex wp-block-gallery-is-layout-flex\">\n<figure class=\"wp-block-image size-large is-style-default\"><img loading=\"lazy\" decoding=\"async\" width=\"1024\" height=\"768\" data-id=\"1769\" src=\"https:\/\/roliacus-banda.ovh\/wp-content\/uploads\/2023\/02\/IMG-20230220-WA0002-1024x768.jpg\" alt=\"\" class=\"wp-image-1769\" srcset=\"https:\/\/roliacus-banda.ovh\/wp-content\/uploads\/2023\/02\/IMG-20230220-WA0002-1024x768.jpg 1024w, https:\/\/roliacus-banda.ovh\/wp-content\/uploads\/2023\/02\/IMG-20230220-WA0002-300x225.jpg 300w, https:\/\/roliacus-banda.ovh\/wp-content\/uploads\/2023\/02\/IMG-20230220-WA0002-768x576.jpg 768w, https:\/\/roliacus-banda.ovh\/wp-content\/uploads\/2023\/02\/IMG-20230220-WA0002-1536x1152.jpg 1536w, https:\/\/roliacus-banda.ovh\/wp-content\/uploads\/2023\/02\/IMG-20230220-WA0002-678x509.jpg 678w, https:\/\/roliacus-banda.ovh\/wp-content\/uploads\/2023\/02\/IMG-20230220-WA0002-326x245.jpg 326w, https:\/\/roliacus-banda.ovh\/wp-content\/uploads\/2023\/02\/IMG-20230220-WA0002-80x60.jpg 80w, https:\/\/roliacus-banda.ovh\/wp-content\/uploads\/2023\/02\/IMG-20230220-WA0002.jpg 1600w\" sizes=\"auto, (max-width: 1024px) 100vw, 1024px\" \/><\/figure>\n\n\n\n<figure class=\"wp-block-image size-large\"><img loading=\"lazy\" decoding=\"async\" width=\"1024\" height=\"768\" data-id=\"1770\" src=\"https:\/\/roliacus-banda.ovh\/wp-content\/uploads\/2023\/02\/IMG-20230220-WA0004-1024x768.jpg\" alt=\"\" class=\"wp-image-1770\" srcset=\"https:\/\/roliacus-banda.ovh\/wp-content\/uploads\/2023\/02\/IMG-20230220-WA0004-1024x768.jpg 1024w, https:\/\/roliacus-banda.ovh\/wp-content\/uploads\/2023\/02\/IMG-20230220-WA0004-300x225.jpg 300w, https:\/\/roliacus-banda.ovh\/wp-content\/uploads\/2023\/02\/IMG-20230220-WA0004-768x576.jpg 768w, https:\/\/roliacus-banda.ovh\/wp-content\/uploads\/2023\/02\/IMG-20230220-WA0004-1536x1152.jpg 1536w, https:\/\/roliacus-banda.ovh\/wp-content\/uploads\/2023\/02\/IMG-20230220-WA0004-678x509.jpg 678w, https:\/\/roliacus-banda.ovh\/wp-content\/uploads\/2023\/02\/IMG-20230220-WA0004-326x245.jpg 326w, https:\/\/roliacus-banda.ovh\/wp-content\/uploads\/2023\/02\/IMG-20230220-WA0004-80x60.jpg 80w, https:\/\/roliacus-banda.ovh\/wp-content\/uploads\/2023\/02\/IMG-20230220-WA0004.jpg 1600w\" sizes=\"auto, (max-width: 1024px) 100vw, 1024px\" \/><\/figure>\n<\/figure>\n\n\n<div class=\"sgdg-gallery-container\" data-sgdg-hash=\"2593dc703fe0b6dfe01dc7d4206e7c733f5a0c181c442a18f3a4c79cf6f27f28\"><div class=\"sgdg-loading\"><div><\/div><\/div><\/div>\n\n\n<p class=\"has-medium-font-size\"><strong>Soir\u00e9e Tapas du 21\/01\/2023 organis\u00e9e par la SEP Jeanne d&rsquo;Arc :<\/strong><\/p>\n\n\n\n<figure class=\"wp-block-gallery has-nested-images columns-default is-cropped wp-block-gallery-3 is-layout-flex wp-block-gallery-is-layout-flex\">\n<figure class=\"wp-block-image size-large\"><img loading=\"lazy\" decoding=\"async\" width=\"724\" height=\"1024\" data-id=\"1776\" src=\"https:\/\/roliacus-banda.ovh\/wp-content\/uploads\/2023\/02\/FB_IMG_1676887161113-1-724x1024.jpg\" alt=\"\" class=\"wp-image-1776\" srcset=\"https:\/\/roliacus-banda.ovh\/wp-content\/uploads\/2023\/02\/FB_IMG_1676887161113-1-724x1024.jpg 724w, https:\/\/roliacus-banda.ovh\/wp-content\/uploads\/2023\/02\/FB_IMG_1676887161113-1-212x300.jpg 212w, https:\/\/roliacus-banda.ovh\/wp-content\/uploads\/2023\/02\/FB_IMG_1676887161113-1-768x1087.jpg 768w, https:\/\/roliacus-banda.ovh\/wp-content\/uploads\/2023\/02\/FB_IMG_1676887161113-1.jpg 1080w\" sizes=\"auto, (max-width: 724px) 100vw, 724px\" \/><\/figure>\n<\/figure>\n","protected":false},"excerpt":{"rendered":"<div class=\"mh-excerpt\"><p>Bientot de nouvelles informations vont arriver sur cette page, les sorties ou nous retrouver ainsi que les prochains \u00e9v\u00e9nements \u00e0 venir. &#8212;&#8212;- Informations pour les <a class=\"mh-excerpt-more\" href=\"https:\/\/roliacus-banda.ovh\/index.php\/lactu\/\" title=\"LES ACTUALIT\u00c9S\">[&#8230;]<\/a><\/p>\n<\/div>","protected":false},"author":1,"featured_media":0,"parent":0,"menu_order":0,"comment_status":"closed","ping_status":"closed","template":"","meta":{"footnotes":""},"class_list":["post-1132","page","type-page","status-publish","hentry"],"yoast_head":"<!-- This site is optimized with the Yoast SEO plugin v27.4 - https:\/\/yoast.com\/product\/yoast-seo-wordpress\/ -->\n<title>LES ACTUALIT\u00c9S - Roliacus Banda<\/title>\n<meta name=\"robots\" content=\"index, follow, max-snippet:-1, max-image-preview:large, max-video-preview:-1\" \/>\n<link rel=\"canonical\" href=\"https:\/\/roliacus-banda.ovh\/index.php\/lactu\/\" \/>\n<meta property=\"og:locale\" content=\"fr_FR\" \/>\n<meta property=\"og:type\" content=\"article\" \/>\n<meta property=\"og:title\" content=\"LES ACTUALIT\u00c9S - Roliacus Banda\" \/>\n<meta property=\"og:description\" content=\"Bientot de nouvelles informations vont arriver sur cette page, les sorties ou nous retrouver ainsi que les prochains \u00e9v\u00e9nements \u00e0 venir. &#8212;&#8212;- Informations pour les [...]\" \/>\n<meta property=\"og:url\" content=\"https:\/\/roliacus-banda.ovh\/index.php\/lactu\/\" \/>\n<meta property=\"og:site_name\" content=\"Roliacus Banda\" \/>\n<meta property=\"article:publisher\" content=\"https:\/\/www.facebook.com\/profile.php?id=100066664776418\" \/>\n<meta property=\"article:modified_time\" content=\"2026-03-11T12:26:31+00:00\" \/>\n<meta property=\"og:image\" content=\"https:\/\/roliacus-banda.ovh\/wp-content\/uploads\/2026\/03\/1000007174.jpg\" \/>\n\t<meta property=\"og:image:width\" content=\"1220\" \/>\n\t<meta property=\"og:image:height\" content=\"1940\" \/>\n\t<meta property=\"og:image:type\" content=\"image\/jpeg\" \/>\n<meta name=\"twitter:card\" content=\"summary_large_image\" \/>\n<meta name=\"twitter:label1\" content=\"Dur\u00e9e de lecture estim\u00e9e\" \/>\n\t<meta name=\"twitter:data1\" content=\"4 minutes\" \/>\n<script type=\"application\/ld+json\" class=\"yoast-schema-graph\">{\"@context\":\"https:\\\/\\\/schema.org\",\"@graph\":[{\"@type\":\"WebPage\",\"@id\":\"https:\\\/\\\/roliacus-banda.ovh\\\/index.php\\\/lactu\\\/\",\"url\":\"https:\\\/\\\/roliacus-banda.ovh\\\/index.php\\\/lactu\\\/\",\"name\":\"LES ACTUALIT\u00c9S - Roliacus Banda\",\"isPartOf\":{\"@id\":\"https:\\\/\\\/roliacus-banda.ovh\\\/#website\"},\"primaryImageOfPage\":{\"@id\":\"https:\\\/\\\/roliacus-banda.ovh\\\/index.php\\\/lactu\\\/#primaryimage\"},\"image\":{\"@id\":\"https:\\\/\\\/roliacus-banda.ovh\\\/index.php\\\/lactu\\\/#primaryimage\"},\"thumbnailUrl\":\"https:\\\/\\\/roliacus-banda.ovh\\\/wp-content\\\/uploads\\\/2026\\\/03\\\/1000007174-644x1024.jpg\",\"datePublished\":\"2020-01-21T12:17:40+00:00\",\"dateModified\":\"2026-03-11T12:26:31+00:00\",\"breadcrumb\":{\"@id\":\"https:\\\/\\\/roliacus-banda.ovh\\\/index.php\\\/lactu\\\/#breadcrumb\"},\"inLanguage\":\"fr-FR\",\"potentialAction\":[{\"@type\":\"ReadAction\",\"target\":[\"https:\\\/\\\/roliacus-banda.ovh\\\/index.php\\\/lactu\\\/\"]}]},{\"@type\":\"ImageObject\",\"inLanguage\":\"fr-FR\",\"@id\":\"https:\\\/\\\/roliacus-banda.ovh\\\/index.php\\\/lactu\\\/#primaryimage\",\"url\":\"https:\\\/\\\/roliacus-banda.ovh\\\/wp-content\\\/uploads\\\/2026\\\/03\\\/1000007174.jpg\",\"contentUrl\":\"https:\\\/\\\/roliacus-banda.ovh\\\/wp-content\\\/uploads\\\/2026\\\/03\\\/1000007174.jpg\",\"width\":1220,\"height\":1940},{\"@type\":\"BreadcrumbList\",\"@id\":\"https:\\\/\\\/roliacus-banda.ovh\\\/index.php\\\/lactu\\\/#breadcrumb\",\"itemListElement\":[{\"@type\":\"ListItem\",\"position\":1,\"name\":\"Accueil\",\"item\":\"https:\\\/\\\/roliacus-banda.ovh\\\/\"},{\"@type\":\"ListItem\",\"position\":2,\"name\":\"LES ACTUALIT\u00c9S\"}]},{\"@type\":\"WebSite\",\"@id\":\"https:\\\/\\\/roliacus-banda.ovh\\\/#website\",\"url\":\"https:\\\/\\\/roliacus-banda.ovh\\\/\",\"name\":\"Roliacus Banda\",\"description\":\"\",\"publisher\":{\"@id\":\"https:\\\/\\\/roliacus-banda.ovh\\\/#organization\"},\"potentialAction\":[{\"@type\":\"SearchAction\",\"target\":{\"@type\":\"EntryPoint\",\"urlTemplate\":\"https:\\\/\\\/roliacus-banda.ovh\\\/?s={search_term_string}\"},\"query-input\":{\"@type\":\"PropertyValueSpecification\",\"valueRequired\":true,\"valueName\":\"search_term_string\"}}],\"inLanguage\":\"fr-FR\"},{\"@type\":\"Organization\",\"@id\":\"https:\\\/\\\/roliacus-banda.ovh\\\/#organization\",\"name\":\"Roliacus Banda\",\"url\":\"https:\\\/\\\/roliacus-banda.ovh\\\/\",\"logo\":{\"@type\":\"ImageObject\",\"inLanguage\":\"fr-FR\",\"@id\":\"https:\\\/\\\/roliacus-banda.ovh\\\/#\\\/schema\\\/logo\\\/image\\\/\",\"url\":\"https:\\\/\\\/roliacus-banda.ovh\\\/wp-content\\\/uploads\\\/2023\\\/03\\\/Capture-decran-du-2023-03-07-09-41-29.png\",\"contentUrl\":\"https:\\\/\\\/roliacus-banda.ovh\\\/wp-content\\\/uploads\\\/2023\\\/03\\\/Capture-decran-du-2023-03-07-09-41-29.png\",\"width\":209,\"height\":254,\"caption\":\"Roliacus Banda\"},\"image\":{\"@id\":\"https:\\\/\\\/roliacus-banda.ovh\\\/#\\\/schema\\\/logo\\\/image\\\/\"},\"sameAs\":[\"https:\\\/\\\/www.facebook.com\\\/profile.php?id=100066664776418\"]}]}<\/script>\n<!-- \/ Yoast SEO plugin. -->","yoast_head_json":{"title":"LES ACTUALIT\u00c9S - Roliacus Banda","robots":{"index":"index","follow":"follow","max-snippet":"max-snippet:-1","max-image-preview":"max-image-preview:large","max-video-preview":"max-video-preview:-1"},"canonical":"https:\/\/roliacus-banda.ovh\/index.php\/lactu\/","og_locale":"fr_FR","og_type":"article","og_title":"LES ACTUALIT\u00c9S - Roliacus Banda","og_description":"Bientot de nouvelles informations vont arriver sur cette page, les sorties ou nous retrouver ainsi que les prochains \u00e9v\u00e9nements \u00e0 venir. &#8212;&#8212;- Informations pour les [...]","og_url":"https:\/\/roliacus-banda.ovh\/index.php\/lactu\/","og_site_name":"Roliacus Banda","article_publisher":"https:\/\/www.facebook.com\/profile.php?id=100066664776418","article_modified_time":"2026-03-11T12:26:31+00:00","og_image":[{"width":1220,"height":1940,"url":"https:\/\/roliacus-banda.ovh\/wp-content\/uploads\/2026\/03\/1000007174.jpg","type":"image\/jpeg"}],"twitter_card":"summary_large_image","twitter_misc":{"Dur\u00e9e de lecture estim\u00e9e":"4 minutes"},"schema":{"@context":"https:\/\/schema.org","@graph":[{"@type":"WebPage","@id":"https:\/\/roliacus-banda.ovh\/index.php\/lactu\/","url":"https:\/\/roliacus-banda.ovh\/index.php\/lactu\/","name":"LES ACTUALIT\u00c9S - Roliacus Banda","isPartOf":{"@id":"https:\/\/roliacus-banda.ovh\/#website"},"primaryImageOfPage":{"@id":"https:\/\/roliacus-banda.ovh\/index.php\/lactu\/#primaryimage"},"image":{"@id":"https:\/\/roliacus-banda.ovh\/index.php\/lactu\/#primaryimage"},"thumbnailUrl":"https:\/\/roliacus-banda.ovh\/wp-content\/uploads\/2026\/03\/1000007174-644x1024.jpg","datePublished":"2020-01-21T12:17:40+00:00","dateModified":"2026-03-11T12:26:31+00:00","breadcrumb":{"@id":"https:\/\/roliacus-banda.ovh\/index.php\/lactu\/#breadcrumb"},"inLanguage":"fr-FR","potentialAction":[{"@type":"ReadAction","target":["https:\/\/roliacus-banda.ovh\/index.php\/lactu\/"]}]},{"@type":"ImageObject","inLanguage":"fr-FR","@id":"https:\/\/roliacus-banda.ovh\/index.php\/lactu\/#primaryimage","url":"https:\/\/roliacus-banda.ovh\/wp-content\/uploads\/2026\/03\/1000007174.jpg","contentUrl":"https:\/\/roliacus-banda.ovh\/wp-content\/uploads\/2026\/03\/1000007174.jpg","width":1220,"height":1940},{"@type":"BreadcrumbList","@id":"https:\/\/roliacus-banda.ovh\/index.php\/lactu\/#breadcrumb","itemListElement":[{"@type":"ListItem","position":1,"name":"Accueil","item":"https:\/\/roliacus-banda.ovh\/"},{"@type":"ListItem","position":2,"name":"LES ACTUALIT\u00c9S"}]},{"@type":"WebSite","@id":"https:\/\/roliacus-banda.ovh\/#website","url":"https:\/\/roliacus-banda.ovh\/","name":"Roliacus Banda","description":"","publisher":{"@id":"https:\/\/roliacus-banda.ovh\/#organization"},"potentialAction":[{"@type":"SearchAction","target":{"@type":"EntryPoint","urlTemplate":"https:\/\/roliacus-banda.ovh\/?s={search_term_string}"},"query-input":{"@type":"PropertyValueSpecification","valueRequired":true,"valueName":"search_term_string"}}],"inLanguage":"fr-FR"},{"@type":"Organization","@id":"https:\/\/roliacus-banda.ovh\/#organization","name":"Roliacus Banda","url":"https:\/\/roliacus-banda.ovh\/","logo":{"@type":"ImageObject","inLanguage":"fr-FR","@id":"https:\/\/roliacus-banda.ovh\/#\/schema\/logo\/image\/","url":"https:\/\/roliacus-banda.ovh\/wp-content\/uploads\/2023\/03\/Capture-decran-du-2023-03-07-09-41-29.png","contentUrl":"https:\/\/roliacus-banda.ovh\/wp-content\/uploads\/2023\/03\/Capture-decran-du-2023-03-07-09-41-29.png","width":209,"height":254,"caption":"Roliacus Banda"},"image":{"@id":"https:\/\/roliacus-banda.ovh\/#\/schema\/logo\/image\/"},"sameAs":["https:\/\/www.facebook.com\/profile.php?id=100066664776418"]}]}},"_links":{"self":[{"href":"https:\/\/roliacus-banda.ovh\/index.php\/wp-json\/wp\/v2\/pages\/1132","targetHints":{"allow":["GET"]}}],"collection":[{"href":"https:\/\/roliacus-banda.ovh\/index.php\/wp-json\/wp\/v2\/pages"}],"about":[{"href":"https:\/\/roliacus-banda.ovh\/index.php\/wp-json\/wp\/v2\/types\/page"}],"author":[{"embeddable":true,"href":"https:\/\/roliacus-banda.ovh\/index.php\/wp-json\/wp\/v2\/users\/1"}],"replies":[{"embeddable":true,"href":"https:\/\/roliacus-banda.ovh\/index.php\/wp-json\/wp\/v2\/comments?post=1132"}],"version-history":[{"count":93,"href":"https:\/\/roliacus-banda.ovh\/index.php\/wp-json\/wp\/v2\/pages\/1132\/revisions"}],"predecessor-version":[{"id":2197,"href":"https:\/\/roliacus-banda.ovh\/index.php\/wp-json\/wp\/v2\/pages\/1132\/revisions\/2197"}],"wp:attachment":[{"href":"https:\/\/roliacus-banda.ovh\/index.php\/wp-json\/wp\/v2\/media?parent=1132"}],"curies":[{"name":"wp","href":"https:\/\/api.w.org\/{rel}","templated":true}]}}