{"id":133,"date":"2019-06-10T20:04:06","date_gmt":"2019-06-10T18:04:06","guid":{"rendered":"http:\/\/roliach.cluster029.hosting.ovh.net\/?page_id=133"},"modified":"2023-09-11T23:29:57","modified_gmt":"2023-09-11T21:29:57","slug":"ecole-de-banda","status":"publish","type":"page","link":"https:\/\/roliacus-banda.ovh\/index.php\/ecole-de-banda\/","title":{"rendered":"\u00c9cole de Banda"},"content":{"rendered":"\n<p>                                                                       &#8212;&#8212;&#8212;&#8212;&#8212;&#8212;&#8212;&#8212;&#8212;&#8212;&#8212;&#8211;<\/p>\n\n\n\n<p class=\"has-black-color has-text-color has-medium-font-size\">La soci\u00e9t\u00e9 d&rsquo;\u00e9ducation populaire Jeanne  d&rsquo;arc, impliqu\u00e9e dans de nombreuses activit\u00e9s : banda, th\u00e9\u00e2tre,  danse,&nbsp;\u00e9veil&nbsp;des petits, porte un effort particulier depuis huit  ans  sur la formation musicale des jeunes. Son  but :                                                                                                                                                                                                                                       <\/p>\n\n\n\n<p class=\"has-black-color has-text-color has-medium-font-size\"> int\u00e9grer les adolescents dans son groupe de musiciens, dont  la   renomm\u00e9e est connue aux alentours \u00e0 travers la \u00ab\u00a0Roliacus Banda\u00a0\u00bb, qui    anime chaque ann\u00e9e de nombreuses f\u00eates.  Ils  sont actuellement une  dizaine &#8211; mais on souhaiterait voir s&rsquo;\u00e9toffer  ce  groupe &#8211; \u00e0 suivre  collectivement des cours de solf\u00e8ge et   individuellement \u00e0 s&rsquo;entra\u00eener \u00e0  la clarinette, saxophone, trompette et  basses.                                                                                                <\/p>\n\n\n\n<p class=\"has-black-color has-text-color has-medium-font-size\"> D&rsquo;autres instruments peuvent \u00eatre propos\u00e9s, mais en gardant toujours  l&rsquo;esprit \u00ab\u00a0banda\u00a0\u00bb, soit basse, fl\u00fbte traversi\u00e8re,&#8230;   Les  cours,  dispens\u00e9s par des professeurs certifi\u00e9s, s&rsquo;adressent aussi  bien \u00e0  des  jeunes qu&rsquo;\u00e0 des adultes, et sont propos\u00e9s \u00e0 des tarifs  raisonnables  et  attractifs. Ils peuvent m\u00eame \u00eatre d\u00e9gressifs dans le  cas de  plusieurs  membres d&rsquo;une famille.  Les cours assur\u00e9s par des professionnels  reconnus ont lieu d&rsquo;octobre \u00e0  juin \u00e0 raison d&rsquo;une heure de solf\u00e8ge et  de trente minutes de cours d&rsquo;instrument  hebdomadaires.  Les professeurs  effectuent \u00e9galement un  stage pour l&rsquo;ensemble des  musiciens sur une  journ\u00e9e pour la mise en  place de nouveaux morceaux.<\/p>\n\n\n\n<p><\/p>\n\n\n\n<p class=\"has-text-align-left has-black-color has-text-color has-medium-font-size\">  <\/p>\n\n\n\n<p class=\"has-medium-font-size\"><strong>Informations pour l&rsquo;ann\u00e9e 2023 &#8211; 2024 :<\/strong><\/p>\n\n\n\n<figure class=\"wp-block-image size-full\"><img loading=\"lazy\" decoding=\"async\" width=\"553\" height=\"780\" src=\"https:\/\/roliacus-banda.ovh\/wp-content\/uploads\/2023\/09\/FlyerEcole-2.jpg\" alt=\"\" class=\"wp-image-2003\" srcset=\"https:\/\/roliacus-banda.ovh\/wp-content\/uploads\/2023\/09\/FlyerEcole-2.jpg 553w, https:\/\/roliacus-banda.ovh\/wp-content\/uploads\/2023\/09\/FlyerEcole-2-213x300.jpg 213w\" sizes=\"auto, (max-width: 553px) 100vw, 553px\" \/><\/figure>\n\n\n\n<p><\/p>\n\n\n\n<h2 class=\"wp-block-heading has-text-color has-large-font-size\" id=\"les-roliakid-s\" style=\"color:#1d5920\">Les ROLIAKID&rsquo;S<\/h2>\n\n\n\n<p><\/p>\n\n\n\n<p class=\"has-black-color has-text-color has-medium-font-size\">Avec Les professeurs de musique, les enfants et les ados prenant des cours de musique et\/ou de solf\u00e8ge s&rsquo;app\u00e8lent les ROLIAKID&rsquo;S.<\/p>\n\n\n\n<p class=\"has-black-color has-text-color has-medium-font-size\">Des s\u00e9ances de groupes sont donc mises en places afin de leur faire int\u00e9grer le groupe de la Roliacus banda en apprenant des morceaux de notre r\u00e9pertoire, mais aussi des morceaux cr\u00e9\u00e9s par les professeurs tel que le morceau \u00ab\u00a0Roliakid&rsquo;s 2\u00a0\u00bb pr\u00e9sent sur notre <a href=\"https:\/\/roliacus-banda.ovh\/index.php\/presentation\/lecd\/\">CD<\/a>. <\/p>\n\n\n\n<figure class=\"wp-block-image size-full\"><img loading=\"lazy\" decoding=\"async\" width=\"958\" height=\"610\" src=\"https:\/\/roliacus-banda.ovh\/wp-content\/uploads\/2023\/09\/20230815_011814-2-4.jpg\" alt=\"\" class=\"wp-image-2008\" srcset=\"https:\/\/roliacus-banda.ovh\/wp-content\/uploads\/2023\/09\/20230815_011814-2-4.jpg 958w, https:\/\/roliacus-banda.ovh\/wp-content\/uploads\/2023\/09\/20230815_011814-2-4-300x191.jpg 300w, https:\/\/roliacus-banda.ovh\/wp-content\/uploads\/2023\/09\/20230815_011814-2-4-768x489.jpg 768w\" sizes=\"auto, (max-width: 958px) 100vw, 958px\" \/><\/figure>\n\n\n\n<p class=\"has-black-color has-text-color has-medium-font-size\">Les Roliakid&rsquo;s participent aussi aux r\u00e9p\u00e9titions ainsi que certaines sorties, tel que la cavalcade, etc\u2026<\/p>\n\n\n\n<p class=\"has-medium-font-size\"><\/p>\n\n\n\n<figure class=\"wp-block-gallery has-nested-images columns-default is-cropped wp-block-gallery-1 is-layout-flex wp-block-gallery-is-layout-flex\"><\/figure>\n\n\n\n<p class=\"has-vivid-red-color has-text-color\">&nbsp;Contacts et renseignements:<\/p>\n\n\n\n<p class=\"has-vivid-red-color has-text-color\"> Vincent TANNEAU : 06-21-83-23-45<\/p>\n\n\n\n<p class=\"has-vivid-red-color has-text-color\"><\/p>\n","protected":false},"excerpt":{"rendered":"<div class=\"mh-excerpt\"><p>&#8212;&#8212;&#8212;&#8212;&#8212;&#8212;&#8212;&#8212;&#8212;&#8212;&#8212;&#8211; La soci\u00e9t\u00e9 d&rsquo;\u00e9ducation populaire Jeanne d&rsquo;arc, impliqu\u00e9e dans de nombreuses activit\u00e9s : banda, th\u00e9\u00e2tre, danse,&nbsp;\u00e9veil&nbsp;des petits, porte un effort particulier depuis huit ans sur <a class=\"mh-excerpt-more\" href=\"https:\/\/roliacus-banda.ovh\/index.php\/ecole-de-banda\/\" title=\"\u00c9cole de Banda\">[&#8230;]<\/a><\/p>\n<\/div>","protected":false},"author":1,"featured_media":0,"parent":0,"menu_order":0,"comment_status":"closed","ping_status":"closed","template":"","meta":{"footnotes":""},"class_list":["post-133","page","type-page","status-publish","hentry"],"yoast_head":"<!-- This site is optimized with the Yoast SEO plugin v27.4 - https:\/\/yoast.com\/product\/yoast-seo-wordpress\/ -->\n<title>\u00c9cole de Banda - Roliacus Banda<\/title>\n<meta name=\"robots\" content=\"index, follow, max-snippet:-1, max-image-preview:large, max-video-preview:-1\" \/>\n<link rel=\"canonical\" href=\"https:\/\/roliacus-banda.ovh\/index.php\/ecole-de-banda\/\" \/>\n<meta property=\"og:locale\" content=\"fr_FR\" \/>\n<meta property=\"og:type\" content=\"article\" \/>\n<meta property=\"og:title\" content=\"\u00c9cole de Banda - Roliacus Banda\" \/>\n<meta property=\"og:description\" content=\"&#8212;&#8212;&#8212;&#8212;&#8212;&#8212;&#8212;&#8212;&#8212;&#8212;&#8212;&#8211; La soci\u00e9t\u00e9 d&rsquo;\u00e9ducation populaire Jeanne d&rsquo;arc, impliqu\u00e9e dans de nombreuses activit\u00e9s : banda, th\u00e9\u00e2tre, danse,&nbsp;\u00e9veil&nbsp;des petits, porte un effort particulier depuis huit ans sur [...]\" \/>\n<meta property=\"og:url\" content=\"https:\/\/roliacus-banda.ovh\/index.php\/ecole-de-banda\/\" \/>\n<meta property=\"og:site_name\" content=\"Roliacus Banda\" \/>\n<meta property=\"article:publisher\" content=\"https:\/\/www.facebook.com\/profile.php?id=100066664776418\" \/>\n<meta property=\"article:modified_time\" content=\"2023-09-11T21:29:57+00:00\" \/>\n<meta property=\"og:image\" content=\"https:\/\/roliacus-banda.ovh\/wp-content\/uploads\/2023\/09\/FlyerEcole-2.jpg\" \/>\n<meta name=\"twitter:card\" content=\"summary_large_image\" \/>\n<meta name=\"twitter:label1\" content=\"Dur\u00e9e de lecture estim\u00e9e\" \/>\n\t<meta name=\"twitter:data1\" content=\"2 minutes\" \/>\n<script type=\"application\/ld+json\" class=\"yoast-schema-graph\">{\"@context\":\"https:\\\/\\\/schema.org\",\"@graph\":[{\"@type\":\"WebPage\",\"@id\":\"https:\\\/\\\/roliacus-banda.ovh\\\/index.php\\\/ecole-de-banda\\\/\",\"url\":\"https:\\\/\\\/roliacus-banda.ovh\\\/index.php\\\/ecole-de-banda\\\/\",\"name\":\"\u00c9cole de Banda - Roliacus Banda\",\"isPartOf\":{\"@id\":\"https:\\\/\\\/roliacus-banda.ovh\\\/#website\"},\"primaryImageOfPage\":{\"@id\":\"https:\\\/\\\/roliacus-banda.ovh\\\/index.php\\\/ecole-de-banda\\\/#primaryimage\"},\"image\":{\"@id\":\"https:\\\/\\\/roliacus-banda.ovh\\\/index.php\\\/ecole-de-banda\\\/#primaryimage\"},\"thumbnailUrl\":\"https:\\\/\\\/roliacus-banda.ovh\\\/wp-content\\\/uploads\\\/2023\\\/09\\\/FlyerEcole-2.jpg\",\"datePublished\":\"2019-06-10T18:04:06+00:00\",\"dateModified\":\"2023-09-11T21:29:57+00:00\",\"breadcrumb\":{\"@id\":\"https:\\\/\\\/roliacus-banda.ovh\\\/index.php\\\/ecole-de-banda\\\/#breadcrumb\"},\"inLanguage\":\"fr-FR\",\"potentialAction\":[{\"@type\":\"ReadAction\",\"target\":[\"https:\\\/\\\/roliacus-banda.ovh\\\/index.php\\\/ecole-de-banda\\\/\"]}]},{\"@type\":\"ImageObject\",\"inLanguage\":\"fr-FR\",\"@id\":\"https:\\\/\\\/roliacus-banda.ovh\\\/index.php\\\/ecole-de-banda\\\/#primaryimage\",\"url\":\"https:\\\/\\\/roliacus-banda.ovh\\\/wp-content\\\/uploads\\\/2023\\\/09\\\/FlyerEcole-2.jpg\",\"contentUrl\":\"https:\\\/\\\/roliacus-banda.ovh\\\/wp-content\\\/uploads\\\/2023\\\/09\\\/FlyerEcole-2.jpg\",\"width\":553,\"height\":780},{\"@type\":\"BreadcrumbList\",\"@id\":\"https:\\\/\\\/roliacus-banda.ovh\\\/index.php\\\/ecole-de-banda\\\/#breadcrumb\",\"itemListElement\":[{\"@type\":\"ListItem\",\"position\":1,\"name\":\"Accueil\",\"item\":\"https:\\\/\\\/roliacus-banda.ovh\\\/\"},{\"@type\":\"ListItem\",\"position\":2,\"name\":\"\u00c9cole de Banda\"}]},{\"@type\":\"WebSite\",\"@id\":\"https:\\\/\\\/roliacus-banda.ovh\\\/#website\",\"url\":\"https:\\\/\\\/roliacus-banda.ovh\\\/\",\"name\":\"Roliacus Banda\",\"description\":\"\",\"publisher\":{\"@id\":\"https:\\\/\\\/roliacus-banda.ovh\\\/#organization\"},\"potentialAction\":[{\"@type\":\"SearchAction\",\"target\":{\"@type\":\"EntryPoint\",\"urlTemplate\":\"https:\\\/\\\/roliacus-banda.ovh\\\/?s={search_term_string}\"},\"query-input\":{\"@type\":\"PropertyValueSpecification\",\"valueRequired\":true,\"valueName\":\"search_term_string\"}}],\"inLanguage\":\"fr-FR\"},{\"@type\":\"Organization\",\"@id\":\"https:\\\/\\\/roliacus-banda.ovh\\\/#organization\",\"name\":\"Roliacus Banda\",\"url\":\"https:\\\/\\\/roliacus-banda.ovh\\\/\",\"logo\":{\"@type\":\"ImageObject\",\"inLanguage\":\"fr-FR\",\"@id\":\"https:\\\/\\\/roliacus-banda.ovh\\\/#\\\/schema\\\/logo\\\/image\\\/\",\"url\":\"https:\\\/\\\/roliacus-banda.ovh\\\/wp-content\\\/uploads\\\/2023\\\/03\\\/Capture-decran-du-2023-03-07-09-41-29.png\",\"contentUrl\":\"https:\\\/\\\/roliacus-banda.ovh\\\/wp-content\\\/uploads\\\/2023\\\/03\\\/Capture-decran-du-2023-03-07-09-41-29.png\",\"width\":209,\"height\":254,\"caption\":\"Roliacus Banda\"},\"image\":{\"@id\":\"https:\\\/\\\/roliacus-banda.ovh\\\/#\\\/schema\\\/logo\\\/image\\\/\"},\"sameAs\":[\"https:\\\/\\\/www.facebook.com\\\/profile.php?id=100066664776418\"]}]}<\/script>\n<!-- \/ Yoast SEO plugin. -->","yoast_head_json":{"title":"\u00c9cole de Banda - Roliacus Banda","robots":{"index":"index","follow":"follow","max-snippet":"max-snippet:-1","max-image-preview":"max-image-preview:large","max-video-preview":"max-video-preview:-1"},"canonical":"https:\/\/roliacus-banda.ovh\/index.php\/ecole-de-banda\/","og_locale":"fr_FR","og_type":"article","og_title":"\u00c9cole de Banda - Roliacus Banda","og_description":"&#8212;&#8212;&#8212;&#8212;&#8212;&#8212;&#8212;&#8212;&#8212;&#8212;&#8212;&#8211; La soci\u00e9t\u00e9 d&rsquo;\u00e9ducation populaire Jeanne d&rsquo;arc, impliqu\u00e9e dans de nombreuses activit\u00e9s : banda, th\u00e9\u00e2tre, danse,&nbsp;\u00e9veil&nbsp;des petits, porte un effort particulier depuis huit ans sur [...]","og_url":"https:\/\/roliacus-banda.ovh\/index.php\/ecole-de-banda\/","og_site_name":"Roliacus Banda","article_publisher":"https:\/\/www.facebook.com\/profile.php?id=100066664776418","article_modified_time":"2023-09-11T21:29:57+00:00","og_image":[{"url":"https:\/\/roliacus-banda.ovh\/wp-content\/uploads\/2023\/09\/FlyerEcole-2.jpg","type":"","width":"","height":""}],"twitter_card":"summary_large_image","twitter_misc":{"Dur\u00e9e de lecture estim\u00e9e":"2 minutes"},"schema":{"@context":"https:\/\/schema.org","@graph":[{"@type":"WebPage","@id":"https:\/\/roliacus-banda.ovh\/index.php\/ecole-de-banda\/","url":"https:\/\/roliacus-banda.ovh\/index.php\/ecole-de-banda\/","name":"\u00c9cole de Banda - Roliacus Banda","isPartOf":{"@id":"https:\/\/roliacus-banda.ovh\/#website"},"primaryImageOfPage":{"@id":"https:\/\/roliacus-banda.ovh\/index.php\/ecole-de-banda\/#primaryimage"},"image":{"@id":"https:\/\/roliacus-banda.ovh\/index.php\/ecole-de-banda\/#primaryimage"},"thumbnailUrl":"https:\/\/roliacus-banda.ovh\/wp-content\/uploads\/2023\/09\/FlyerEcole-2.jpg","datePublished":"2019-06-10T18:04:06+00:00","dateModified":"2023-09-11T21:29:57+00:00","breadcrumb":{"@id":"https:\/\/roliacus-banda.ovh\/index.php\/ecole-de-banda\/#breadcrumb"},"inLanguage":"fr-FR","potentialAction":[{"@type":"ReadAction","target":["https:\/\/roliacus-banda.ovh\/index.php\/ecole-de-banda\/"]}]},{"@type":"ImageObject","inLanguage":"fr-FR","@id":"https:\/\/roliacus-banda.ovh\/index.php\/ecole-de-banda\/#primaryimage","url":"https:\/\/roliacus-banda.ovh\/wp-content\/uploads\/2023\/09\/FlyerEcole-2.jpg","contentUrl":"https:\/\/roliacus-banda.ovh\/wp-content\/uploads\/2023\/09\/FlyerEcole-2.jpg","width":553,"height":780},{"@type":"BreadcrumbList","@id":"https:\/\/roliacus-banda.ovh\/index.php\/ecole-de-banda\/#breadcrumb","itemListElement":[{"@type":"ListItem","position":1,"name":"Accueil","item":"https:\/\/roliacus-banda.ovh\/"},{"@type":"ListItem","position":2,"name":"\u00c9cole de Banda"}]},{"@type":"WebSite","@id":"https:\/\/roliacus-banda.ovh\/#website","url":"https:\/\/roliacus-banda.ovh\/","name":"Roliacus Banda","description":"","publisher":{"@id":"https:\/\/roliacus-banda.ovh\/#organization"},"potentialAction":[{"@type":"SearchAction","target":{"@type":"EntryPoint","urlTemplate":"https:\/\/roliacus-banda.ovh\/?s={search_term_string}"},"query-input":{"@type":"PropertyValueSpecification","valueRequired":true,"valueName":"search_term_string"}}],"inLanguage":"fr-FR"},{"@type":"Organization","@id":"https:\/\/roliacus-banda.ovh\/#organization","name":"Roliacus Banda","url":"https:\/\/roliacus-banda.ovh\/","logo":{"@type":"ImageObject","inLanguage":"fr-FR","@id":"https:\/\/roliacus-banda.ovh\/#\/schema\/logo\/image\/","url":"https:\/\/roliacus-banda.ovh\/wp-content\/uploads\/2023\/03\/Capture-decran-du-2023-03-07-09-41-29.png","contentUrl":"https:\/\/roliacus-banda.ovh\/wp-content\/uploads\/2023\/03\/Capture-decran-du-2023-03-07-09-41-29.png","width":209,"height":254,"caption":"Roliacus Banda"},"image":{"@id":"https:\/\/roliacus-banda.ovh\/#\/schema\/logo\/image\/"},"sameAs":["https:\/\/www.facebook.com\/profile.php?id=100066664776418"]}]}},"_links":{"self":[{"href":"https:\/\/roliacus-banda.ovh\/index.php\/wp-json\/wp\/v2\/pages\/133","targetHints":{"allow":["GET"]}}],"collection":[{"href":"https:\/\/roliacus-banda.ovh\/index.php\/wp-json\/wp\/v2\/pages"}],"about":[{"href":"https:\/\/roliacus-banda.ovh\/index.php\/wp-json\/wp\/v2\/types\/page"}],"author":[{"embeddable":true,"href":"https:\/\/roliacus-banda.ovh\/index.php\/wp-json\/wp\/v2\/users\/1"}],"replies":[{"embeddable":true,"href":"https:\/\/roliacus-banda.ovh\/index.php\/wp-json\/wp\/v2\/comments?post=133"}],"version-history":[{"count":17,"href":"https:\/\/roliacus-banda.ovh\/index.php\/wp-json\/wp\/v2\/pages\/133\/revisions"}],"predecessor-version":[{"id":2010,"href":"https:\/\/roliacus-banda.ovh\/index.php\/wp-json\/wp\/v2\/pages\/133\/revisions\/2010"}],"wp:attachment":[{"href":"https:\/\/roliacus-banda.ovh\/index.php\/wp-json\/wp\/v2\/media?parent=133"}],"curies":[{"name":"wp","href":"https:\/\/api.w.org\/{rel}","templated":true}]}}