{"id":35,"date":"2019-06-10T11:31:59","date_gmt":"2019-06-10T09:31:59","guid":{"rendered":"http:\/\/roliach.cluster029.hosting.ovh.net\/?page_id=35"},"modified":"2023-03-03T22:28:54","modified_gmt":"2023-03-03T21:28:54","slug":"presentation","status":"publish","type":"page","link":"https:\/\/roliacus-banda.ovh\/index.php\/presentation\/","title":{"rendered":"Pr\u00e9sentation"},"content":{"rendered":"\n<p class=\"has-text-align-center has-vivid-red-color has-text-color has-large-font-size\"><strong>Roliacus Banda :<\/strong><\/p>\n\n\n\n<p class=\"has-text-align-center has-vivid-red-color has-text-color has-large-font-size\"><strong> Qu&rsquo;es aqu\u00f2 ?\u00a0<\/strong><\/p>\n\n\n\n<p class=\"has-text-align-left has-black-color has-text-color has-medium-font-size\">\u00a0 <strong>Roliacus Villa :<\/strong>  C&rsquo;est le premier nom connu de la commune de Rouill\u00e9 en 889 apr\u00e8s J\u00e9sus  Christ. Il \u00e9tait donc tout \u00e0 fait normal que la banda de Rouill\u00e9 se  nomme <strong>Roliacus Banda<\/strong>.<\/p>\n\n\n\n<p class=\"has-text-align-left has-black-color has-text-color has-medium-font-size\">\u00a0  La Roliacus Banda\u00a0fait partie int\u00e9grante de la Soci\u00e9t\u00e9 d&rsquo;\u00e9ducation  populaire Jeanne d&rsquo;Arc de Rouill\u00e9, association de type loi 1901, qui a  f\u00eat\u00e9 ses 100 ans en 2006.<\/p>\n\n\n\n<p class=\"has-text-align-left has-black-color has-text-color has-medium-font-size\">\u00a0  La musique est l&rsquo;une des activit\u00e9s phares de cette association  depuis\u00a0les ann\u00e9es cinquante (avec l&rsquo;existence d&rsquo;une batterie fanfare au  sein de laquelle plusieurs centaines de rullicois ont appris la  musique), mais c&rsquo;est seulement vers l&rsquo;an 2000 que sous l&rsquo;impulsion\u00a0de Vincent Tanneau\u00a0(actuel  Pr\u00e9sident), et avec une volont\u00e9 marqu\u00e9e de musiciens passionn\u00e9s par les  bandas du sud-ouest de former un groupe plus libre et plus festif, qu&rsquo;une orientation nouvelle a \u00e9t\u00e9 prise, avec la cr\u00e9ation de la BANDA.<\/p>\n\n\n\n<p class=\"has-text-align-center has-black-color has-text-color has-medium-font-size\"><strong> Pr\u00e9sident de l&rsquo;association et chef de la Banda : Vincent Tanneau<\/strong><\/p>\n\n\n\n<p class=\"has-text-align-left has-black-color has-text-color has-medium-font-size\">\u00a0 <strong>Animations : <\/strong>La  Roliacus Banda anime chaque ann\u00e9e plusieurs f\u00eates de village,  cavalcades, manifestations sportives (matchs de rugby, motoball,&#8230;) un  peu partout en France mais principalement en Poitou-Charentes et  toujours dans la joie et la bonne humeur.<\/p>\n\n\n\n<p class=\"has-black-color has-text-color has-medium-font-size\">Nous avons \u00e9galement un CD :<\/p>\n\n\n\n<p class=\"has-text-align-center has-vivid-red-color has-text-color has-medium-font-size\"><a href=\"https:\/\/roliacus-banda.ovh\/index.php\/presentation\/lecd\/\"><strong>Le CD<\/strong><\/a><\/p>\n\n\n","protected":false},"excerpt":{"rendered":"<div class=\"mh-excerpt\"><p>Roliacus Banda : Qu&rsquo;es aqu\u00f2 ?\u00a0 \u00a0 Roliacus Villa : C&rsquo;est le premier nom connu de la commune de Rouill\u00e9 en 889 apr\u00e8s J\u00e9sus Christ. <a class=\"mh-excerpt-more\" href=\"https:\/\/roliacus-banda.ovh\/index.php\/presentation\/\" title=\"Pr\u00e9sentation\">[&#8230;]<\/a><\/p>\n<\/div>","protected":false},"author":1,"featured_media":0,"parent":0,"menu_order":0,"comment_status":"closed","ping_status":"closed","template":"","meta":{"footnotes":""},"class_list":["post-35","page","type-page","status-publish","hentry"],"yoast_head":"<!-- This site is optimized with the Yoast SEO plugin v27.5 - https:\/\/yoast.com\/product\/yoast-seo-wordpress\/ -->\n<title>Pr\u00e9sentation - Roliacus Banda<\/title>\n<meta name=\"robots\" content=\"index, follow, max-snippet:-1, max-image-preview:large, max-video-preview:-1\" \/>\n<link rel=\"canonical\" href=\"https:\/\/roliacus-banda.ovh\/index.php\/presentation\/\" \/>\n<meta property=\"og:locale\" content=\"fr_FR\" \/>\n<meta property=\"og:type\" content=\"article\" \/>\n<meta property=\"og:title\" content=\"Pr\u00e9sentation - Roliacus Banda\" \/>\n<meta property=\"og:description\" content=\"Roliacus Banda : Qu&rsquo;es aqu\u00f2 ?\u00a0 \u00a0 Roliacus Villa : C&rsquo;est le premier nom connu de la commune de Rouill\u00e9 en 889 apr\u00e8s J\u00e9sus Christ. [...]\" \/>\n<meta property=\"og:url\" content=\"https:\/\/roliacus-banda.ovh\/index.php\/presentation\/\" \/>\n<meta property=\"og:site_name\" content=\"Roliacus Banda\" \/>\n<meta property=\"article:publisher\" content=\"https:\/\/www.facebook.com\/profile.php?id=100066664776418\" \/>\n<meta property=\"article:modified_time\" content=\"2023-03-03T21:28:54+00:00\" \/>\n<meta name=\"twitter:card\" content=\"summary_large_image\" \/>\n<meta name=\"twitter:label1\" content=\"Dur\u00e9e de lecture estim\u00e9e\" \/>\n\t<meta name=\"twitter:data1\" content=\"2 minutes\" \/>\n<script type=\"application\/ld+json\" class=\"yoast-schema-graph\">{\"@context\":\"https:\\\/\\\/schema.org\",\"@graph\":[{\"@type\":\"WebPage\",\"@id\":\"https:\\\/\\\/roliacus-banda.ovh\\\/index.php\\\/presentation\\\/\",\"url\":\"https:\\\/\\\/roliacus-banda.ovh\\\/index.php\\\/presentation\\\/\",\"name\":\"Pr\u00e9sentation - Roliacus Banda\",\"isPartOf\":{\"@id\":\"https:\\\/\\\/roliacus-banda.ovh\\\/#website\"},\"datePublished\":\"2019-06-10T09:31:59+00:00\",\"dateModified\":\"2023-03-03T21:28:54+00:00\",\"breadcrumb\":{\"@id\":\"https:\\\/\\\/roliacus-banda.ovh\\\/index.php\\\/presentation\\\/#breadcrumb\"},\"inLanguage\":\"fr-FR\",\"potentialAction\":[{\"@type\":\"ReadAction\",\"target\":[\"https:\\\/\\\/roliacus-banda.ovh\\\/index.php\\\/presentation\\\/\"]}]},{\"@type\":\"BreadcrumbList\",\"@id\":\"https:\\\/\\\/roliacus-banda.ovh\\\/index.php\\\/presentation\\\/#breadcrumb\",\"itemListElement\":[{\"@type\":\"ListItem\",\"position\":1,\"name\":\"Accueil\",\"item\":\"https:\\\/\\\/roliacus-banda.ovh\\\/\"},{\"@type\":\"ListItem\",\"position\":2,\"name\":\"Pr\u00e9sentation\"}]},{\"@type\":\"WebSite\",\"@id\":\"https:\\\/\\\/roliacus-banda.ovh\\\/#website\",\"url\":\"https:\\\/\\\/roliacus-banda.ovh\\\/\",\"name\":\"Roliacus Banda\",\"description\":\"\",\"publisher\":{\"@id\":\"https:\\\/\\\/roliacus-banda.ovh\\\/#organization\"},\"potentialAction\":[{\"@type\":\"SearchAction\",\"target\":{\"@type\":\"EntryPoint\",\"urlTemplate\":\"https:\\\/\\\/roliacus-banda.ovh\\\/?s={search_term_string}\"},\"query-input\":{\"@type\":\"PropertyValueSpecification\",\"valueRequired\":true,\"valueName\":\"search_term_string\"}}],\"inLanguage\":\"fr-FR\"},{\"@type\":\"Organization\",\"@id\":\"https:\\\/\\\/roliacus-banda.ovh\\\/#organization\",\"name\":\"Roliacus Banda\",\"url\":\"https:\\\/\\\/roliacus-banda.ovh\\\/\",\"logo\":{\"@type\":\"ImageObject\",\"inLanguage\":\"fr-FR\",\"@id\":\"https:\\\/\\\/roliacus-banda.ovh\\\/#\\\/schema\\\/logo\\\/image\\\/\",\"url\":\"https:\\\/\\\/roliacus-banda.ovh\\\/wp-content\\\/uploads\\\/2023\\\/03\\\/Capture-decran-du-2023-03-07-09-41-29.png\",\"contentUrl\":\"https:\\\/\\\/roliacus-banda.ovh\\\/wp-content\\\/uploads\\\/2023\\\/03\\\/Capture-decran-du-2023-03-07-09-41-29.png\",\"width\":209,\"height\":254,\"caption\":\"Roliacus Banda\"},\"image\":{\"@id\":\"https:\\\/\\\/roliacus-banda.ovh\\\/#\\\/schema\\\/logo\\\/image\\\/\"},\"sameAs\":[\"https:\\\/\\\/www.facebook.com\\\/profile.php?id=100066664776418\"]}]}<\/script>\n<!-- \/ Yoast SEO plugin. -->","yoast_head_json":{"title":"Pr\u00e9sentation - Roliacus Banda","robots":{"index":"index","follow":"follow","max-snippet":"max-snippet:-1","max-image-preview":"max-image-preview:large","max-video-preview":"max-video-preview:-1"},"canonical":"https:\/\/roliacus-banda.ovh\/index.php\/presentation\/","og_locale":"fr_FR","og_type":"article","og_title":"Pr\u00e9sentation - Roliacus Banda","og_description":"Roliacus Banda : Qu&rsquo;es aqu\u00f2 ?\u00a0 \u00a0 Roliacus Villa : C&rsquo;est le premier nom connu de la commune de Rouill\u00e9 en 889 apr\u00e8s J\u00e9sus Christ. [...]","og_url":"https:\/\/roliacus-banda.ovh\/index.php\/presentation\/","og_site_name":"Roliacus Banda","article_publisher":"https:\/\/www.facebook.com\/profile.php?id=100066664776418","article_modified_time":"2023-03-03T21:28:54+00:00","twitter_card":"summary_large_image","twitter_misc":{"Dur\u00e9e de lecture estim\u00e9e":"2 minutes"},"schema":{"@context":"https:\/\/schema.org","@graph":[{"@type":"WebPage","@id":"https:\/\/roliacus-banda.ovh\/index.php\/presentation\/","url":"https:\/\/roliacus-banda.ovh\/index.php\/presentation\/","name":"Pr\u00e9sentation - Roliacus Banda","isPartOf":{"@id":"https:\/\/roliacus-banda.ovh\/#website"},"datePublished":"2019-06-10T09:31:59+00:00","dateModified":"2023-03-03T21:28:54+00:00","breadcrumb":{"@id":"https:\/\/roliacus-banda.ovh\/index.php\/presentation\/#breadcrumb"},"inLanguage":"fr-FR","potentialAction":[{"@type":"ReadAction","target":["https:\/\/roliacus-banda.ovh\/index.php\/presentation\/"]}]},{"@type":"BreadcrumbList","@id":"https:\/\/roliacus-banda.ovh\/index.php\/presentation\/#breadcrumb","itemListElement":[{"@type":"ListItem","position":1,"name":"Accueil","item":"https:\/\/roliacus-banda.ovh\/"},{"@type":"ListItem","position":2,"name":"Pr\u00e9sentation"}]},{"@type":"WebSite","@id":"https:\/\/roliacus-banda.ovh\/#website","url":"https:\/\/roliacus-banda.ovh\/","name":"Roliacus Banda","description":"","publisher":{"@id":"https:\/\/roliacus-banda.ovh\/#organization"},"potentialAction":[{"@type":"SearchAction","target":{"@type":"EntryPoint","urlTemplate":"https:\/\/roliacus-banda.ovh\/?s={search_term_string}"},"query-input":{"@type":"PropertyValueSpecification","valueRequired":true,"valueName":"search_term_string"}}],"inLanguage":"fr-FR"},{"@type":"Organization","@id":"https:\/\/roliacus-banda.ovh\/#organization","name":"Roliacus Banda","url":"https:\/\/roliacus-banda.ovh\/","logo":{"@type":"ImageObject","inLanguage":"fr-FR","@id":"https:\/\/roliacus-banda.ovh\/#\/schema\/logo\/image\/","url":"https:\/\/roliacus-banda.ovh\/wp-content\/uploads\/2023\/03\/Capture-decran-du-2023-03-07-09-41-29.png","contentUrl":"https:\/\/roliacus-banda.ovh\/wp-content\/uploads\/2023\/03\/Capture-decran-du-2023-03-07-09-41-29.png","width":209,"height":254,"caption":"Roliacus Banda"},"image":{"@id":"https:\/\/roliacus-banda.ovh\/#\/schema\/logo\/image\/"},"sameAs":["https:\/\/www.facebook.com\/profile.php?id=100066664776418"]}]}},"_links":{"self":[{"href":"https:\/\/roliacus-banda.ovh\/index.php\/wp-json\/wp\/v2\/pages\/35","targetHints":{"allow":["GET"]}}],"collection":[{"href":"https:\/\/roliacus-banda.ovh\/index.php\/wp-json\/wp\/v2\/pages"}],"about":[{"href":"https:\/\/roliacus-banda.ovh\/index.php\/wp-json\/wp\/v2\/types\/page"}],"author":[{"embeddable":true,"href":"https:\/\/roliacus-banda.ovh\/index.php\/wp-json\/wp\/v2\/users\/1"}],"replies":[{"embeddable":true,"href":"https:\/\/roliacus-banda.ovh\/index.php\/wp-json\/wp\/v2\/comments?post=35"}],"version-history":[{"count":22,"href":"https:\/\/roliacus-banda.ovh\/index.php\/wp-json\/wp\/v2\/pages\/35\/revisions"}],"predecessor-version":[{"id":1839,"href":"https:\/\/roliacus-banda.ovh\/index.php\/wp-json\/wp\/v2\/pages\/35\/revisions\/1839"}],"wp:attachment":[{"href":"https:\/\/roliacus-banda.ovh\/index.php\/wp-json\/wp\/v2\/media?parent=35"}],"curies":[{"name":"wp","href":"https:\/\/api.w.org\/{rel}","templated":true}]}}