{"id":38,"date":"2019-06-10T11:31:59","date_gmt":"2019-06-10T09:31:59","guid":{"rendered":"http:\/\/roliach.cluster029.hosting.ovh.net\/?page_id=38"},"modified":"2023-03-03T22:41:51","modified_gmt":"2023-03-03T21:41:51","slug":"lassociation","status":"publish","type":"page","link":"https:\/\/roliacus-banda.ovh\/index.php\/lassociation\/","title":{"rendered":"L&rsquo;association"},"content":{"rendered":"\n<p class=\"has-very-dark-gray-color has-text-color has-medium-font-size\"><strong>Historique de la S.E.P. Jeanne d&rsquo;Arc<\/strong><\/p>\n\n\n\n<p class=\"has-text-align-left has-black-color has-text-color has-medium-font-size\">&nbsp;&nbsp;&nbsp;&nbsp;&nbsp;&nbsp;A  l&rsquo;origine, la Soci\u00e9t\u00e9 Jeanne d&rsquo;Arc \u00e9tait en quelque sorte le patronage  de la paroisse catholique de Rouill\u00e9, et son principal animateur \u00e9tait  l&rsquo;abb\u00e9 Hilaire Baudouin (cur\u00e9 \u00e0 Rouill\u00e9 de 1905 \u00e0 1913).<\/p>\n\n\n\n<p class=\"has-text-align-left has-black-color has-text-color has-medium-font-size\">&nbsp;&nbsp;&nbsp;&nbsp; Dans la monographie \u00ab Rouill\u00e9, son  Origine, son Histoire \u00bb, le p\u00e8re Hilaire Baudouin \u00e9crit \u00e0 propos de la  Soci\u00e9t\u00e9 Jeanne d&rsquo;Arc \u00able groupe fut fond\u00e9 en 1906, et est toujours  demeur\u00e9 plein de vigueur. Tous les ans, les jeunes gens donnent une  soir\u00e9e th\u00e9\u00e2trale et l&rsquo;\u00e9t\u00e9 ils ont une Soci\u00e9t\u00e9 de Tir. En 1911, un grand  concours de tir est organis\u00e9, et une vingtaine de soci\u00e9t\u00e9s sont venues  se disputer les prix \u00bb.<\/p>\n\n\n\n<p class=\"has-black-color has-text-color has-medium-font-size\">L&rsquo;origine de cette association se situe donc en 1906 : c&rsquo;est de cette ann\u00e9e l\u00e0 que date le rideau de sc\u00e8ne actuellement install\u00e9 dans le nouvel espace culturel Gilbert Tanneau. C&rsquo;est une toile peinte \u00e0 l&rsquo;huile qui s&rsquo;enroulait sur un tambour, composition artistique de Jean Marie BLOURDE, peintre d\u00e9corateur \u00e0 Saint Sauvant. Elle repr\u00e9sente une statue \u00e9questre de Jeanne d&rsquo;Arc sur un socle monumental avec, en arri\u00e8re plan, l&rsquo;\u00e9glise de Rouill\u00e9 avec son toit de lauses et d&rsquo;ardoises<\/p>\n\n\n\n<figure class=\"wp-block-gallery has-nested-images columns-default is-cropped wp-block-gallery-1 is-layout-flex wp-block-gallery-is-layout-flex\">\n<figure class=\"wp-block-image size-large\"><img loading=\"lazy\" decoding=\"async\" width=\"702\" height=\"436\" data-id=\"1853\" src=\"https:\/\/roliacus-banda.ovh\/wp-content\/uploads\/2023\/03\/Screenshot_20230303_224017.jpg\" alt=\"\" class=\"wp-image-1853\" srcset=\"https:\/\/roliacus-banda.ovh\/wp-content\/uploads\/2023\/03\/Screenshot_20230303_224017.jpg 702w, https:\/\/roliacus-banda.ovh\/wp-content\/uploads\/2023\/03\/Screenshot_20230303_224017-300x186.jpg 300w\" sizes=\"auto, (max-width: 702px) 100vw, 702px\" \/><\/figure>\n<\/figure>\n\n\n\n<p class=\"has-black-color has-text-color has-medium-font-size\"><\/p>\n\n\n\n<p class=\"has-black-color has-text-color has-medium-font-size\">\u00a0 L&rsquo;activit\u00e9 de tir \u00e0 la carabine est  florissante avant la guerre 1914-1918 comme en t\u00e9moignent les troph\u00e9es  rapport\u00e9s de Lusignan et Vivonne en 1909, de Curzay en 1910, de Mar\u00e7ay,  Benassay et Lusignan en 1912. Elle a perdur\u00e9 apr\u00e8s la premi\u00e8re guerre :  elle disposait de deux carabines \u00ab Martinis \u00bb qui finirent par \u00eatre hors  d&rsquo;usage du fait de l&rsquo;utilisation de la poudre noire et du mauvais  entretien. Pour l&rsquo;inauguration du Monument aux Morts de Rouill\u00e9, le 27  novembre 1921, la Soci\u00e9t\u00e9 de tir Jeanne d&rsquo;Arc \u00e9tait invit\u00e9e, avec sont  pr\u00e9sident de l&rsquo;\u00e9poque, le P\u00e8re Th\u00e9odemir Pelletier.<\/p>\n\n\n\n<p class=\"has-black-color has-text-color has-medium-font-size\">&nbsp;&nbsp;&nbsp;&nbsp; C&rsquo;est sous l&rsquo;impulsion de l&rsquo;abb\u00e9 \nLouis Devergne qu&rsquo;une existence officielle est donn\u00e9e \u00e0 la Soci\u00e9t\u00e9 \nJeanne d&rsquo;Arc dans le cadre de la loi du 1er Juillet 1901 : le 21 octobre\n 1929, les statuts sont&nbsp; d\u00e9clar\u00e9s \u00e0 la Pr\u00e9fecture de la Vienne, et sont \npubli\u00e9s au Journal officiel le 23 octobre 1929. Le premier bureau est \nconstitu\u00e9 de Louis&nbsp;Devergne &#8211; Pr\u00e9sident (cur\u00e9 de Rouill\u00e9), Georges \nBeauchamp&nbsp;&#8211; Vice Pr\u00e9sident, Albert Pairon&nbsp;&#8211; Tr\u00e9sorier, Anselme \nPapineau&nbsp;&#8211; Tr\u00e9sorier (son petit fils est toujours membre de \nl&rsquo;association et continue de jouer de la trompette avec la Roliacus \nBanda), et Louis Barrault, Raymond Billon et Pierre Branger &#8211; membres du\n bureau.<\/p>\n\n\n\n<p class=\"has-black-color has-text-color has-medium-font-size\">&nbsp;&nbsp; &nbsp; C&rsquo;est \u00e9galement en 1929 que la \nSalle Jeanne D&rsquo;arc, situ\u00e9e rue M\u00e9lusine \u00e0 c\u00f4t\u00e9 de l&rsquo;ancien magasin SPAR \nest am\u00e9nag\u00e9e. Elle est inaugur\u00e9e le 11 Ao\u00fbt 1929, et \u00e0 cette occasion, \nune cavalcade et un spectacle sont organis\u00e9s : la musique de Sanxay \nparticipe \u00e0 cette manifestation festive.<\/p>\n\n\n\n<p class=\"has-black-color has-text-color has-medium-font-size\">&nbsp;&nbsp; &nbsp; La seconde guerre mondiale perturbe\n l&rsquo;organisation des activit\u00e9s de la Soci\u00e9t\u00e9 Jeanne d&rsquo;Arc, mais il \nimporte n\u00e9anmoins de noter que le Comit\u00e9 d&rsquo;entraide aux Prisonniers et \nD\u00e9port\u00e9s organise le 22 avril 1945 \u00e0 la salle Jeanne d&rsquo;Arc, une s\u00e9ance \nth\u00e9\u00e2trale au profit des prisonniers et d\u00e9port\u00e9s de la commune.<\/p>\n\n\n\n<p class=\"has-black-color has-text-color has-medium-font-size\">&nbsp;&nbsp;&nbsp;&nbsp;&nbsp;Dans les ann\u00e9es qui suivent la fin \nde la guerre, \u00e0 partir de 1946-1947 na\u00eet une fanfare de tambours et de \nclairons, sous la direction d&rsquo;Abel Bercier (oncle de l&rsquo;actuelle vice \npr\u00e9sidente et de plusieurs musiciens) sous le nom de clique de Rouill\u00e9. \nRoger March\u00e9 et Guy Bercier se relaient quelques temps \u00e0 la t\u00eate du \ngroupe avant qu&rsquo;il ne sommeille.<\/p>\n\n\n<div class=\"sgdg-gallery-container\" data-sgdg-hash=\"a05ebdd1644b32587bc39b0f898c7dd7023fac037d7a5a5a6a34c23e971828eb\"><div class=\"sgdg-loading\"><div><\/div><\/div><\/div>\n\n\n<p class=\"has-black-color has-text-color has-medium-font-size\">En septembre 1960, cette fanfare de \nclairons et tambours reprend ses activit\u00e9s sous la houlette de Guy \nBercier : le 11 novembre 1960, ils assureront les sonneries au monument \nau mort pour la c\u00e9r\u00e9monie officielle. Depuis lors, sans interruption, la\n Soci\u00e9t\u00e9 Jeanne&nbsp; d&rsquo;Arc a anim\u00e9 l&rsquo;ensemble des c\u00e9r\u00e9monies comm\u00e9moratives \u00e0\n Rouill\u00e9. D\u00e9but 1961, l&rsquo;effectif atteint une trentaine de musiciens . \nC&rsquo;est Gilbert Tanneau (dont les enfants, petits enfants sont aujourd&rsquo;hui\n encore membres de l&rsquo;association, et dont le plus jeune fils est \nPr\u00e9sident) qui assure la Direction de la Musique et les r\u00e9p\u00e9titions, et \nHenri Manceau (dont les arri\u00e8res petits enfants Pierre et Elise Vignault\n sont aujourd&rsquo;hui encore membres de l&rsquo;association), ancien tambour dans \nl&rsquo;arm\u00e9e pendant la premi\u00e8re guerre qui donnera aux musiciens les \npremi\u00e8res notions de musique.<\/p>\n\n\n\n<p class=\"has-text-align-left has-black-color has-text-color has-medium-font-size\">&nbsp;&nbsp;&nbsp;&nbsp; L&rsquo;assembl\u00e9e g\u00e9n\u00e9rale du 14 janvier  1961 redonne vie \u00e0 l&rsquo;association : Anselme Papineau devient Pr\u00e9sident,  Michel Bercier vice-Pr\u00e9sident, Gilbert Tanneau secr\u00e9taire , Guy Bercier,  Raymond Tanneau, Maurice Clochard, et Gilbert David, membres.<\/p>\n\n\n\n<p class=\"has-text-align-left has-black-color has-text-color has-medium-font-size\">&nbsp;&nbsp;&nbsp;&nbsp; Le 12 mars 1961 est organis\u00e9 le  premier spectacle annuel de la Soci\u00e9t\u00e9 Jeanne d&rsquo;Arc : le spectacle 2011  sera donc la cinquanti\u00e8me \u00e9dition de cette d\u00e9sormais traditionnelle  manifestation th\u00e9\u00e2trale annuelle. D\u00e8s l&rsquo;\u00e9t\u00e9 1961, la clique participe  aux concours et festivals de musique organis\u00e9s par la FSCF (F\u00e9d\u00e9ration  Sportive et Culturelle de France) \u00e0 laquelle la Soci\u00e9t\u00e9 Jeanne d&rsquo;Arc a  adh\u00e9r\u00e9.<\/p>\n\n\n\n<p class=\"has-black-color has-text-color has-medium-font-size\">&nbsp;&nbsp;&nbsp;&nbsp; Lors de la r\u00e9union du bureau du 22 \nnovembre 1965, Michel Bercier est \u00e9lu Pr\u00e9sident&nbsp;(c&rsquo;est le lendemain de \nla naissance de notre actuelle secr\u00e9taire, Christine Tanneau-B\u00e9chon, et \nson papa Jean, d\u00e9j\u00e0 tr\u00e8s d\u00e9vou\u00e9 \u00e0 la SEP Jeanne d&rsquo;Arc, \u00e9tait pr\u00e9sent \u00e0 \nla r\u00e9union de bureau).&nbsp;Il le restera jusqu&rsquo;en 1999, et sera remplac\u00e9 par\n l&rsquo;actuel Pr\u00e9sident, Vincent Tanneau.<\/p>\n\n\n\n<p class=\"has-very-light-gray-color has-text-color has-medium-font-size\">&nbsp;&nbsp;&nbsp;&nbsp; En 1974, na\u00eet un groupe de \nmajorettes, de l&rsquo;id\u00e9e d&rsquo;Annie Gilly : ce groupe prend forme sous sa \ndirection, et rejoint la Soci\u00e9t\u00e9 Jeanne d&rsquo;Arc puisque cette activit\u00e9 est\n compl\u00e9mentaire de la fanfare dans les d\u00e9fil\u00e9s et cort\u00e8ges.<\/p>\n\n\n\n<p class=\"has-black-color has-text-color has-medium-font-size\">&nbsp;&nbsp;&nbsp;&nbsp; Les majorettes ont \u00e9t\u00e9 \nsuccessivement encadr\u00e9es par Martine Renoux et Simone Bonneau. Dans les \nann\u00e9es 1980, sous l&rsquo;impulsion de Franciane Billaud-Ripoll, elles sont \ndevenues un groupe de twirlers et ont \u00e9t\u00e9 encadr\u00e9es par Franciane \nBillaud-Ripoll, Josette Dabin, Fr\u00e9d\u00e9rique Ripoll, Corine Bercier-Gadeau,\n Christine Tanneau-B\u00e9chon, Christine Bouhet, G\u00e9raldine Culos, Sonia \nEprinchard, Aurore Dupont-Bauverie, Dominique Bourron-Rivault, Val\u00e9rie \nThubert&#8230;..<\/p>\n\n\n\n<p class=\"has-black-color has-text-color has-medium-font-size\">&nbsp;&nbsp;&nbsp; &nbsp;Aujourd&rsquo;hui encore, m\u00eame si \nl&rsquo;activit\u00e9 Twirling a \u00e9t\u00e9 quelque peu mise en sommeil au profit de la \ndanse et de l&rsquo;expression corporelle, c&rsquo;est un groupe de plus de 70 \nenfants ag\u00e9s de 3 \u00e0 18 ans qui se retrouve plusieurs fois par semaine et\n enchante les spectateurs au moins deux fois par an dans des spectacles \nalliant grace, \u00e9nergie, lumi\u00e8re et musique.<\/p>\n\n\n\n<p class=\"has-black-color has-text-color has-medium-font-size\">&nbsp;&nbsp;&nbsp;&nbsp; La musique elle-aussi a \u00e9volu\u00e9 : de\n clique, elle est devenue batterie-fanfare, puis harmonie, pour se \nm\u00e9tamorphoser en 2000 en banda &#8211; Devenue aujourd&rsquo;hui Roliacus Banda (du \nnom original de Rouill\u00e9, Roliacus Villa), la musique est toujours l&rsquo;une \ndes activit\u00e9s importantes de cette association. Le groupe se compose \nd&rsquo;une trentaine de musiciens (dont un certain nombre sont fils, petits \nfils, neveux des fondateurs et dirigeants pr\u00e9c\u00e9dents) qui animent sur le\n canton, mais aussi dans toute la&nbsp; r\u00e9gion, cavalcades, f\u00eates de \nvillage,&nbsp;march\u00e9s de No\u00ebl, c\u00e9r\u00e9monies comm\u00e9moratives, spectacles \nannuels&#8230;au son d&rsquo;airs traditionnels&nbsp;du Sud Ouest comme Ajolaba\u00efko, Los\n de la Unica, Batasuna, Vino Griego&#8230; C&rsquo;est une musique festive qui \nenchante petits et grands, jeunes et moins jeunes, et qui donne l&rsquo;envie \u00e0\n chacun de s&rsquo;asseoir \u00e0 terre pour se balancer au rythme du bien c\u00e9l\u00e8bre \u00ab\n Paquito \u00bb.<\/p>\n\n\n\n<p class=\"has-black-color has-text-color has-medium-font-size\">&nbsp;&nbsp;&nbsp;&nbsp; Le th\u00e9\u00e2tre, activit\u00e9 initiale de \nl&rsquo;association est toujours pratiqu\u00e9 au sein de l&rsquo;association, et c&rsquo;est \nune \u00e9quipe d&rsquo;une vingtaine d&rsquo;acteurs, de 9 \u00e0&nbsp; 55 ans qui font rire, \nvoire m\u00eame pleurer de rire, un public chaque ann\u00e9e plus nombreux.<\/p>\n\n\n\n<p class=\"has-black-color has-text-color has-medium-font-size\">&nbsp;&nbsp;&nbsp;&nbsp; Ce sont donc aujourd&rsquo;hui encore, en\n 2010, c&rsquo;est \u00e0 dire pr\u00e8s de 105 ans apr\u00e8s la cr\u00e9ation de l&rsquo;association, \nplus de 110 adh\u00e9rents qui animent cette association au sein de laquelle \nla majeure partie des rullicois (ou de leur famille) ont \u00e0 un moment \ndonn\u00e9 de leur vie pris part aux activit\u00e9s de la Soci\u00e9t\u00e9 Jeanne d&rsquo;Arc. Un\n recensement non exhaustif op\u00e9r\u00e9 en 2006 \u00e0 l&rsquo;occasion du centenaire de \nl&rsquo;association d\u00e9nombrait plus de 1 000 licenci\u00e9s de cette association au\n fil des ans.<\/p>\n\n\n\n<p class=\"has-black-color has-text-color has-medium-font-size\">&nbsp;&nbsp;&nbsp;&nbsp; 2006 fut aussi l&rsquo;ann\u00e9e de grands \ntracas pour l&rsquo;association : suite au d\u00e9part pour une retraite bien \nm\u00e9rit\u00e9e de l&rsquo;abb\u00e9 Gaston Bertin, cur\u00e9 de Rouill\u00e9 depuis 1955, les \nnouvelles \u00e9quipes indiquaient qu&rsquo;ils entendaient reprendre la salle \nJeanne d&rsquo;Arc, propri\u00e9t\u00e9 certes de l&rsquo;\u00e9v\u00each\u00e9 mais construite pour \nl&rsquo;association, mise \u00e0 sa disposition depuis 1929 et entretenue par elle \ndepuis cette date (petits et gros oeuvre). L&rsquo;association n&rsquo;avait donc \nque quelques mois pour retrouver une solution de replis lui permettant \nde pouvoir poursuivre l&rsquo;exercice de ses activit\u00e9s.<\/p>\n\n\n\n<p class=\"has-black-color has-text-color has-medium-font-size\">&nbsp;&nbsp;&nbsp;&nbsp; Inform\u00e9s&nbsp; de cette situation par le\n bureau de l&rsquo;association, et principalement son Pr\u00e9sident, Vincent \nTanneau, le Maire de Rouill\u00e9, R\u00e9mi Gault et son conseil municipal \nproposaient de finaliser le projet de r\u00e9alisation d&rsquo;une salle \nassociative et de la d\u00e9dier principalement aux activit\u00e9s de la Soci\u00e9t\u00e9 \nJeanne d&rsquo;Arc. Depuis 2009, c&rsquo;est donc sereine que l&rsquo;association peut \nexercer l&rsquo;ensemble de ses activit\u00e9s dans des locaux spacieux, clairs et \nchauff\u00e9s (ce qui, pour tout ceux qui ont connu l&rsquo;ancienne salle Jeanne \nd&rsquo;Arc, son gros po\u00eale ou ses chauffages d&rsquo;appoint au gaz, constitue une \navanc\u00e9e formidable).<\/p>\n\n\n\n<p class=\"has-black-color has-text-color has-medium-font-size\">&nbsp;&nbsp;&nbsp;&nbsp; Cette nouvelle salle est d\u00e9sormais  baptis\u00e9e \u00ab Espace Culturel Gilbert Tanneau \u00bb &#8211; Donner le nom de Gilbert \u00e0  cette salle est une reconnaissance l\u00e9gitime pour celui qui, pendant  plus de 40 ans a consacr\u00e9 des jours et des jours \u00e0 la SEP Jeanne d&rsquo;Arc, y  exer\u00e7ant les fonctions de secr\u00e9taire et nous l\u00e9guant des compte-rendus  et documents parfaitement tenus et riches d&rsquo;enseignements sur la vie de  l&rsquo;association, mais surtout enseignant la musique, et la passion de la  musique \u00e0 des dizaines et des dizaines de jeunes, plus ou moins  musiciens d&rsquo;ailleurs. Une reconnaissance \u00e9galement pour celui qui \u00e9tait  le p\u00e8re de notre actuel Pr\u00e9sident, et qui lui a transmis le go\u00fbt du  partage, de l&rsquo;\u00e9change associatif, de la musique, qui font qu&rsquo;aujourd&rsquo;hui  encore, 105 ans apr\u00e8s la cr\u00e9ation de l&rsquo;association, celle-ci est  toujours aussi dynamique.<\/p>\n","protected":false},"excerpt":{"rendered":"<div class=\"mh-excerpt\"><p>Historique de la S.E.P. Jeanne d&rsquo;Arc &nbsp;&nbsp;&nbsp;&nbsp;&nbsp;&nbsp;A l&rsquo;origine, la Soci\u00e9t\u00e9 Jeanne d&rsquo;Arc \u00e9tait en quelque sorte le patronage de la paroisse catholique de Rouill\u00e9, et <a class=\"mh-excerpt-more\" href=\"https:\/\/roliacus-banda.ovh\/index.php\/lassociation\/\" title=\"L&rsquo;association\">[&#8230;]<\/a><\/p>\n<\/div>","protected":false},"author":1,"featured_media":0,"parent":0,"menu_order":0,"comment_status":"closed","ping_status":"closed","template":"","meta":{"footnotes":""},"class_list":["post-38","page","type-page","status-publish","hentry"],"yoast_head":"<!-- This site is optimized with the Yoast SEO plugin v27.4 - https:\/\/yoast.com\/product\/yoast-seo-wordpress\/ -->\n<title>L&#039;association - Roliacus Banda<\/title>\n<meta name=\"robots\" content=\"index, follow, max-snippet:-1, max-image-preview:large, max-video-preview:-1\" \/>\n<link rel=\"canonical\" href=\"https:\/\/roliacus-banda.ovh\/index.php\/lassociation\/\" \/>\n<meta property=\"og:locale\" content=\"fr_FR\" \/>\n<meta property=\"og:type\" content=\"article\" \/>\n<meta property=\"og:title\" content=\"L&#039;association - Roliacus Banda\" \/>\n<meta property=\"og:description\" content=\"Historique de la S.E.P. Jeanne d&rsquo;Arc &nbsp;&nbsp;&nbsp;&nbsp;&nbsp;&nbsp;A l&rsquo;origine, la Soci\u00e9t\u00e9 Jeanne d&rsquo;Arc \u00e9tait en quelque sorte le patronage de la paroisse catholique de Rouill\u00e9, et [...]\" \/>\n<meta property=\"og:url\" content=\"https:\/\/roliacus-banda.ovh\/index.php\/lassociation\/\" \/>\n<meta property=\"og:site_name\" content=\"Roliacus Banda\" \/>\n<meta property=\"article:publisher\" content=\"https:\/\/www.facebook.com\/profile.php?id=100066664776418\" \/>\n<meta property=\"article:modified_time\" content=\"2023-03-03T21:41:51+00:00\" \/>\n<meta property=\"og:image\" content=\"https:\/\/roliacus-banda.ovh\/wp-content\/uploads\/2023\/03\/Screenshot_20230303_224017.jpg\" \/>\n<meta name=\"twitter:card\" content=\"summary_large_image\" \/>\n<meta name=\"twitter:label1\" content=\"Dur\u00e9e de lecture estim\u00e9e\" \/>\n\t<meta name=\"twitter:data1\" content=\"9 minutes\" \/>\n<script type=\"application\/ld+json\" class=\"yoast-schema-graph\">{\"@context\":\"https:\\\/\\\/schema.org\",\"@graph\":[{\"@type\":\"WebPage\",\"@id\":\"https:\\\/\\\/roliacus-banda.ovh\\\/index.php\\\/lassociation\\\/\",\"url\":\"https:\\\/\\\/roliacus-banda.ovh\\\/index.php\\\/lassociation\\\/\",\"name\":\"L'association - Roliacus Banda\",\"isPartOf\":{\"@id\":\"https:\\\/\\\/roliacus-banda.ovh\\\/#website\"},\"primaryImageOfPage\":{\"@id\":\"https:\\\/\\\/roliacus-banda.ovh\\\/index.php\\\/lassociation\\\/#primaryimage\"},\"image\":{\"@id\":\"https:\\\/\\\/roliacus-banda.ovh\\\/index.php\\\/lassociation\\\/#primaryimage\"},\"thumbnailUrl\":\"https:\\\/\\\/roliacus-banda.ovh\\\/wp-content\\\/uploads\\\/2023\\\/03\\\/Screenshot_20230303_224017.jpg\",\"datePublished\":\"2019-06-10T09:31:59+00:00\",\"dateModified\":\"2023-03-03T21:41:51+00:00\",\"breadcrumb\":{\"@id\":\"https:\\\/\\\/roliacus-banda.ovh\\\/index.php\\\/lassociation\\\/#breadcrumb\"},\"inLanguage\":\"fr-FR\",\"potentialAction\":[{\"@type\":\"ReadAction\",\"target\":[\"https:\\\/\\\/roliacus-banda.ovh\\\/index.php\\\/lassociation\\\/\"]}]},{\"@type\":\"ImageObject\",\"inLanguage\":\"fr-FR\",\"@id\":\"https:\\\/\\\/roliacus-banda.ovh\\\/index.php\\\/lassociation\\\/#primaryimage\",\"url\":\"https:\\\/\\\/roliacus-banda.ovh\\\/wp-content\\\/uploads\\\/2023\\\/03\\\/Screenshot_20230303_224017.jpg\",\"contentUrl\":\"https:\\\/\\\/roliacus-banda.ovh\\\/wp-content\\\/uploads\\\/2023\\\/03\\\/Screenshot_20230303_224017.jpg\",\"width\":702,\"height\":436},{\"@type\":\"BreadcrumbList\",\"@id\":\"https:\\\/\\\/roliacus-banda.ovh\\\/index.php\\\/lassociation\\\/#breadcrumb\",\"itemListElement\":[{\"@type\":\"ListItem\",\"position\":1,\"name\":\"Accueil\",\"item\":\"https:\\\/\\\/roliacus-banda.ovh\\\/\"},{\"@type\":\"ListItem\",\"position\":2,\"name\":\"L&#8217;association\"}]},{\"@type\":\"WebSite\",\"@id\":\"https:\\\/\\\/roliacus-banda.ovh\\\/#website\",\"url\":\"https:\\\/\\\/roliacus-banda.ovh\\\/\",\"name\":\"Roliacus Banda\",\"description\":\"\",\"publisher\":{\"@id\":\"https:\\\/\\\/roliacus-banda.ovh\\\/#organization\"},\"potentialAction\":[{\"@type\":\"SearchAction\",\"target\":{\"@type\":\"EntryPoint\",\"urlTemplate\":\"https:\\\/\\\/roliacus-banda.ovh\\\/?s={search_term_string}\"},\"query-input\":{\"@type\":\"PropertyValueSpecification\",\"valueRequired\":true,\"valueName\":\"search_term_string\"}}],\"inLanguage\":\"fr-FR\"},{\"@type\":\"Organization\",\"@id\":\"https:\\\/\\\/roliacus-banda.ovh\\\/#organization\",\"name\":\"Roliacus Banda\",\"url\":\"https:\\\/\\\/roliacus-banda.ovh\\\/\",\"logo\":{\"@type\":\"ImageObject\",\"inLanguage\":\"fr-FR\",\"@id\":\"https:\\\/\\\/roliacus-banda.ovh\\\/#\\\/schema\\\/logo\\\/image\\\/\",\"url\":\"https:\\\/\\\/roliacus-banda.ovh\\\/wp-content\\\/uploads\\\/2023\\\/03\\\/Capture-decran-du-2023-03-07-09-41-29.png\",\"contentUrl\":\"https:\\\/\\\/roliacus-banda.ovh\\\/wp-content\\\/uploads\\\/2023\\\/03\\\/Capture-decran-du-2023-03-07-09-41-29.png\",\"width\":209,\"height\":254,\"caption\":\"Roliacus Banda\"},\"image\":{\"@id\":\"https:\\\/\\\/roliacus-banda.ovh\\\/#\\\/schema\\\/logo\\\/image\\\/\"},\"sameAs\":[\"https:\\\/\\\/www.facebook.com\\\/profile.php?id=100066664776418\"]}]}<\/script>\n<!-- \/ Yoast SEO plugin. -->","yoast_head_json":{"title":"L'association - Roliacus Banda","robots":{"index":"index","follow":"follow","max-snippet":"max-snippet:-1","max-image-preview":"max-image-preview:large","max-video-preview":"max-video-preview:-1"},"canonical":"https:\/\/roliacus-banda.ovh\/index.php\/lassociation\/","og_locale":"fr_FR","og_type":"article","og_title":"L'association - Roliacus Banda","og_description":"Historique de la S.E.P. Jeanne d&rsquo;Arc &nbsp;&nbsp;&nbsp;&nbsp;&nbsp;&nbsp;A l&rsquo;origine, la Soci\u00e9t\u00e9 Jeanne d&rsquo;Arc \u00e9tait en quelque sorte le patronage de la paroisse catholique de Rouill\u00e9, et [...]","og_url":"https:\/\/roliacus-banda.ovh\/index.php\/lassociation\/","og_site_name":"Roliacus Banda","article_publisher":"https:\/\/www.facebook.com\/profile.php?id=100066664776418","article_modified_time":"2023-03-03T21:41:51+00:00","og_image":[{"url":"https:\/\/roliacus-banda.ovh\/wp-content\/uploads\/2023\/03\/Screenshot_20230303_224017.jpg","type":"","width":"","height":""}],"twitter_card":"summary_large_image","twitter_misc":{"Dur\u00e9e de lecture estim\u00e9e":"9 minutes"},"schema":{"@context":"https:\/\/schema.org","@graph":[{"@type":"WebPage","@id":"https:\/\/roliacus-banda.ovh\/index.php\/lassociation\/","url":"https:\/\/roliacus-banda.ovh\/index.php\/lassociation\/","name":"L'association - Roliacus Banda","isPartOf":{"@id":"https:\/\/roliacus-banda.ovh\/#website"},"primaryImageOfPage":{"@id":"https:\/\/roliacus-banda.ovh\/index.php\/lassociation\/#primaryimage"},"image":{"@id":"https:\/\/roliacus-banda.ovh\/index.php\/lassociation\/#primaryimage"},"thumbnailUrl":"https:\/\/roliacus-banda.ovh\/wp-content\/uploads\/2023\/03\/Screenshot_20230303_224017.jpg","datePublished":"2019-06-10T09:31:59+00:00","dateModified":"2023-03-03T21:41:51+00:00","breadcrumb":{"@id":"https:\/\/roliacus-banda.ovh\/index.php\/lassociation\/#breadcrumb"},"inLanguage":"fr-FR","potentialAction":[{"@type":"ReadAction","target":["https:\/\/roliacus-banda.ovh\/index.php\/lassociation\/"]}]},{"@type":"ImageObject","inLanguage":"fr-FR","@id":"https:\/\/roliacus-banda.ovh\/index.php\/lassociation\/#primaryimage","url":"https:\/\/roliacus-banda.ovh\/wp-content\/uploads\/2023\/03\/Screenshot_20230303_224017.jpg","contentUrl":"https:\/\/roliacus-banda.ovh\/wp-content\/uploads\/2023\/03\/Screenshot_20230303_224017.jpg","width":702,"height":436},{"@type":"BreadcrumbList","@id":"https:\/\/roliacus-banda.ovh\/index.php\/lassociation\/#breadcrumb","itemListElement":[{"@type":"ListItem","position":1,"name":"Accueil","item":"https:\/\/roliacus-banda.ovh\/"},{"@type":"ListItem","position":2,"name":"L&#8217;association"}]},{"@type":"WebSite","@id":"https:\/\/roliacus-banda.ovh\/#website","url":"https:\/\/roliacus-banda.ovh\/","name":"Roliacus Banda","description":"","publisher":{"@id":"https:\/\/roliacus-banda.ovh\/#organization"},"potentialAction":[{"@type":"SearchAction","target":{"@type":"EntryPoint","urlTemplate":"https:\/\/roliacus-banda.ovh\/?s={search_term_string}"},"query-input":{"@type":"PropertyValueSpecification","valueRequired":true,"valueName":"search_term_string"}}],"inLanguage":"fr-FR"},{"@type":"Organization","@id":"https:\/\/roliacus-banda.ovh\/#organization","name":"Roliacus Banda","url":"https:\/\/roliacus-banda.ovh\/","logo":{"@type":"ImageObject","inLanguage":"fr-FR","@id":"https:\/\/roliacus-banda.ovh\/#\/schema\/logo\/image\/","url":"https:\/\/roliacus-banda.ovh\/wp-content\/uploads\/2023\/03\/Capture-decran-du-2023-03-07-09-41-29.png","contentUrl":"https:\/\/roliacus-banda.ovh\/wp-content\/uploads\/2023\/03\/Capture-decran-du-2023-03-07-09-41-29.png","width":209,"height":254,"caption":"Roliacus Banda"},"image":{"@id":"https:\/\/roliacus-banda.ovh\/#\/schema\/logo\/image\/"},"sameAs":["https:\/\/www.facebook.com\/profile.php?id=100066664776418"]}]}},"_links":{"self":[{"href":"https:\/\/roliacus-banda.ovh\/index.php\/wp-json\/wp\/v2\/pages\/38","targetHints":{"allow":["GET"]}}],"collection":[{"href":"https:\/\/roliacus-banda.ovh\/index.php\/wp-json\/wp\/v2\/pages"}],"about":[{"href":"https:\/\/roliacus-banda.ovh\/index.php\/wp-json\/wp\/v2\/types\/page"}],"author":[{"embeddable":true,"href":"https:\/\/roliacus-banda.ovh\/index.php\/wp-json\/wp\/v2\/users\/1"}],"replies":[{"embeddable":true,"href":"https:\/\/roliacus-banda.ovh\/index.php\/wp-json\/wp\/v2\/comments?post=38"}],"version-history":[{"count":11,"href":"https:\/\/roliacus-banda.ovh\/index.php\/wp-json\/wp\/v2\/pages\/38\/revisions"}],"predecessor-version":[{"id":1897,"href":"https:\/\/roliacus-banda.ovh\/index.php\/wp-json\/wp\/v2\/pages\/38\/revisions\/1897"}],"wp:attachment":[{"href":"https:\/\/roliacus-banda.ovh\/index.php\/wp-json\/wp\/v2\/media?parent=38"}],"curies":[{"name":"wp","href":"https:\/\/api.w.org\/{rel}","templated":true}]}}