{"id":826,"date":"2019-06-27T18:04:48","date_gmt":"2019-06-27T16:04:48","guid":{"rendered":"http:\/\/roliach.cluster029.hosting.ovh.net\/members\/"},"modified":"2019-06-27T18:04:48","modified_gmt":"2019-06-27T16:04:48","slug":"members","status":"publish","type":"page","link":"https:\/\/roliacus-banda.ovh\/index.php\/members\/","title":{"rendered":"Membres"},"content":{"rendered":"<p>[ultimatemember form_id=\u00a0\u00bb822&Prime;]<\/p>\n\n\n<p>Pour t\u00e9lecharger le calendrier des r\u00e9petitions 2018-2019 : <\/p>\n\n\n\n<div class=\"wp-block-file\"><a href=\"https:\/\/roliacus-banda.ovh\/wp-content\/uploads\/2019\/06\/calendrier-repetitions-2018-2019.pdf\">calendrier-repetitions-2018-2019<\/a><a href=\"https:\/\/roliacus-banda.ovh\/wp-content\/uploads\/2019\/06\/calendrier-repetitions-2018-2019.pdf\" class=\"wp-block-file__button\" download>T\u00e9l\u00e9charger<\/a><\/div>\n\n\n\n<p>Vid\u00e9os \/ Photos de l&rsquo;enregistrement du CD :<\/p>\n\n\n\n<ul class=\"wp-block-gallery columns-0 is-cropped wp-block-gallery-1 is-layout-flex wp-block-gallery-is-layout-flex\"><\/ul>\n\n\n\n<p> Consultation du Tableau des  Pr\u00e9sences Sorties   :<\/p>\n\n\n\n<p><a href=\"httpss:\/\/docs.google.com\/spreadsheets\/d\/18cpuZ-lLjmSVu--SPkPCKDUnFyXiLMdovUSt1sSAWa4\/edit#gid=112584593\">httpss:\/\/docs.google.com\/spreadsheets\/d\/18cpuZ-lLjmSVu&#8211;SPkPCKDUnFyXiLMdovUSt1sSAWa4\/edit#gid=112584593<\/a><\/p>\n","protected":false},"excerpt":{"rendered":"<div class=\"mh-excerpt\"><p>[ultimatemember form_id=\u00a0\u00bb822&Prime;] Pour t\u00e9lecharger le calendrier des r\u00e9petitions 2018-2019 : Vid\u00e9os \/ Photos de l&rsquo;enregistrement du CD : Consultation du Tableau des Pr\u00e9sences Sorties : <a class=\"mh-excerpt-more\" href=\"https:\/\/roliacus-banda.ovh\/index.php\/members\/\" title=\"Membres\">[&#8230;]<\/a><\/p>\n<\/div>","protected":false},"author":1,"featured_media":0,"parent":0,"menu_order":0,"comment_status":"closed","ping_status":"closed","template":"","meta":{"footnotes":""},"class_list":["post-826","page","type-page","status-publish","hentry"],"yoast_head":"<!-- This site is optimized with the Yoast SEO plugin v27.3 - https:\/\/yoast.com\/product\/yoast-seo-wordpress\/ -->\n<title>Membres - Roliacus Banda<\/title>\n<meta name=\"robots\" content=\"index, follow, max-snippet:-1, max-image-preview:large, max-video-preview:-1\" \/>\n<link rel=\"canonical\" href=\"https:\/\/roliacus-banda.ovh\/index.php\/members\/\" \/>\n<meta property=\"og:locale\" content=\"fr_FR\" \/>\n<meta property=\"og:type\" content=\"article\" \/>\n<meta property=\"og:title\" content=\"Membres - Roliacus Banda\" \/>\n<meta property=\"og:description\" content=\"[ultimatemember form_id=\u00a0\u00bb822&Prime;] Pour t\u00e9lecharger le calendrier des r\u00e9petitions 2018-2019 : Vid\u00e9os \/ Photos de l&rsquo;enregistrement du CD : Consultation du Tableau des Pr\u00e9sences Sorties : [...]\" \/>\n<meta property=\"og:url\" content=\"https:\/\/roliacus-banda.ovh\/index.php\/members\/\" \/>\n<meta property=\"og:site_name\" content=\"Roliacus Banda\" \/>\n<meta property=\"article:publisher\" content=\"https:\/\/www.facebook.com\/profile.php?id=100066664776418\" \/>\n<meta name=\"twitter:card\" content=\"summary_large_image\" \/>\n<script type=\"application\/ld+json\" class=\"yoast-schema-graph\">{\"@context\":\"https:\\\/\\\/schema.org\",\"@graph\":[{\"@type\":\"WebPage\",\"@id\":\"https:\\\/\\\/roliacus-banda.ovh\\\/index.php\\\/members\\\/\",\"url\":\"https:\\\/\\\/roliacus-banda.ovh\\\/index.php\\\/members\\\/\",\"name\":\"Membres - Roliacus Banda\",\"isPartOf\":{\"@id\":\"https:\\\/\\\/roliacus-banda.ovh\\\/#website\"},\"datePublished\":\"2019-06-27T16:04:48+00:00\",\"breadcrumb\":{\"@id\":\"https:\\\/\\\/roliacus-banda.ovh\\\/index.php\\\/members\\\/#breadcrumb\"},\"inLanguage\":\"fr-FR\",\"potentialAction\":[{\"@type\":\"ReadAction\",\"target\":[\"https:\\\/\\\/roliacus-banda.ovh\\\/index.php\\\/members\\\/\"]}]},{\"@type\":\"BreadcrumbList\",\"@id\":\"https:\\\/\\\/roliacus-banda.ovh\\\/index.php\\\/members\\\/#breadcrumb\",\"itemListElement\":[{\"@type\":\"ListItem\",\"position\":1,\"name\":\"Accueil\",\"item\":\"https:\\\/\\\/roliacus-banda.ovh\\\/\"},{\"@type\":\"ListItem\",\"position\":2,\"name\":\"Membres\"}]},{\"@type\":\"WebSite\",\"@id\":\"https:\\\/\\\/roliacus-banda.ovh\\\/#website\",\"url\":\"https:\\\/\\\/roliacus-banda.ovh\\\/\",\"name\":\"Roliacus Banda\",\"description\":\"\",\"publisher\":{\"@id\":\"https:\\\/\\\/roliacus-banda.ovh\\\/#organization\"},\"potentialAction\":[{\"@type\":\"SearchAction\",\"target\":{\"@type\":\"EntryPoint\",\"urlTemplate\":\"https:\\\/\\\/roliacus-banda.ovh\\\/?s={search_term_string}\"},\"query-input\":{\"@type\":\"PropertyValueSpecification\",\"valueRequired\":true,\"valueName\":\"search_term_string\"}}],\"inLanguage\":\"fr-FR\"},{\"@type\":\"Organization\",\"@id\":\"https:\\\/\\\/roliacus-banda.ovh\\\/#organization\",\"name\":\"Roliacus Banda\",\"url\":\"https:\\\/\\\/roliacus-banda.ovh\\\/\",\"logo\":{\"@type\":\"ImageObject\",\"inLanguage\":\"fr-FR\",\"@id\":\"https:\\\/\\\/roliacus-banda.ovh\\\/#\\\/schema\\\/logo\\\/image\\\/\",\"url\":\"https:\\\/\\\/roliacus-banda.ovh\\\/wp-content\\\/uploads\\\/2023\\\/03\\\/Capture-decran-du-2023-03-07-09-41-29.png\",\"contentUrl\":\"https:\\\/\\\/roliacus-banda.ovh\\\/wp-content\\\/uploads\\\/2023\\\/03\\\/Capture-decran-du-2023-03-07-09-41-29.png\",\"width\":209,\"height\":254,\"caption\":\"Roliacus Banda\"},\"image\":{\"@id\":\"https:\\\/\\\/roliacus-banda.ovh\\\/#\\\/schema\\\/logo\\\/image\\\/\"},\"sameAs\":[\"https:\\\/\\\/www.facebook.com\\\/profile.php?id=100066664776418\"]}]}<\/script>\n<!-- \/ Yoast SEO plugin. -->","yoast_head_json":{"title":"Membres - Roliacus Banda","robots":{"index":"index","follow":"follow","max-snippet":"max-snippet:-1","max-image-preview":"max-image-preview:large","max-video-preview":"max-video-preview:-1"},"canonical":"https:\/\/roliacus-banda.ovh\/index.php\/members\/","og_locale":"fr_FR","og_type":"article","og_title":"Membres - Roliacus Banda","og_description":"[ultimatemember form_id=\u00a0\u00bb822&Prime;] Pour t\u00e9lecharger le calendrier des r\u00e9petitions 2018-2019 : Vid\u00e9os \/ Photos de l&rsquo;enregistrement du CD : Consultation du Tableau des Pr\u00e9sences Sorties : [...]","og_url":"https:\/\/roliacus-banda.ovh\/index.php\/members\/","og_site_name":"Roliacus Banda","article_publisher":"https:\/\/www.facebook.com\/profile.php?id=100066664776418","twitter_card":"summary_large_image","schema":{"@context":"https:\/\/schema.org","@graph":[{"@type":"WebPage","@id":"https:\/\/roliacus-banda.ovh\/index.php\/members\/","url":"https:\/\/roliacus-banda.ovh\/index.php\/members\/","name":"Membres - Roliacus Banda","isPartOf":{"@id":"https:\/\/roliacus-banda.ovh\/#website"},"datePublished":"2019-06-27T16:04:48+00:00","breadcrumb":{"@id":"https:\/\/roliacus-banda.ovh\/index.php\/members\/#breadcrumb"},"inLanguage":"fr-FR","potentialAction":[{"@type":"ReadAction","target":["https:\/\/roliacus-banda.ovh\/index.php\/members\/"]}]},{"@type":"BreadcrumbList","@id":"https:\/\/roliacus-banda.ovh\/index.php\/members\/#breadcrumb","itemListElement":[{"@type":"ListItem","position":1,"name":"Accueil","item":"https:\/\/roliacus-banda.ovh\/"},{"@type":"ListItem","position":2,"name":"Membres"}]},{"@type":"WebSite","@id":"https:\/\/roliacus-banda.ovh\/#website","url":"https:\/\/roliacus-banda.ovh\/","name":"Roliacus Banda","description":"","publisher":{"@id":"https:\/\/roliacus-banda.ovh\/#organization"},"potentialAction":[{"@type":"SearchAction","target":{"@type":"EntryPoint","urlTemplate":"https:\/\/roliacus-banda.ovh\/?s={search_term_string}"},"query-input":{"@type":"PropertyValueSpecification","valueRequired":true,"valueName":"search_term_string"}}],"inLanguage":"fr-FR"},{"@type":"Organization","@id":"https:\/\/roliacus-banda.ovh\/#organization","name":"Roliacus Banda","url":"https:\/\/roliacus-banda.ovh\/","logo":{"@type":"ImageObject","inLanguage":"fr-FR","@id":"https:\/\/roliacus-banda.ovh\/#\/schema\/logo\/image\/","url":"https:\/\/roliacus-banda.ovh\/wp-content\/uploads\/2023\/03\/Capture-decran-du-2023-03-07-09-41-29.png","contentUrl":"https:\/\/roliacus-banda.ovh\/wp-content\/uploads\/2023\/03\/Capture-decran-du-2023-03-07-09-41-29.png","width":209,"height":254,"caption":"Roliacus Banda"},"image":{"@id":"https:\/\/roliacus-banda.ovh\/#\/schema\/logo\/image\/"},"sameAs":["https:\/\/www.facebook.com\/profile.php?id=100066664776418"]}]}},"_links":{"self":[{"href":"https:\/\/roliacus-banda.ovh\/index.php\/wp-json\/wp\/v2\/pages\/826","targetHints":{"allow":["GET"]}}],"collection":[{"href":"https:\/\/roliacus-banda.ovh\/index.php\/wp-json\/wp\/v2\/pages"}],"about":[{"href":"https:\/\/roliacus-banda.ovh\/index.php\/wp-json\/wp\/v2\/types\/page"}],"author":[{"embeddable":true,"href":"https:\/\/roliacus-banda.ovh\/index.php\/wp-json\/wp\/v2\/users\/1"}],"replies":[{"embeddable":true,"href":"https:\/\/roliacus-banda.ovh\/index.php\/wp-json\/wp\/v2\/comments?post=826"}],"version-history":[{"count":0,"href":"https:\/\/roliacus-banda.ovh\/index.php\/wp-json\/wp\/v2\/pages\/826\/revisions"}],"wp:attachment":[{"href":"https:\/\/roliacus-banda.ovh\/index.php\/wp-json\/wp\/v2\/media?parent=826"}],"curies":[{"name":"wp","href":"https:\/\/api.w.org\/{rel}","templated":true}]}}